{"id":39065,"date":"2021-05-28T14:10:00","date_gmt":"2021-05-28T11:10:00","guid":{"rendered":"https:\/\/seacare.com\/pl\/?page_id=39065"},"modified":"2021-06-03T13:32:40","modified_gmt":"2021-06-03T10:32:40","slug":"easyliance","status":"publish","type":"page","link":"https:\/\/seacare.com\/pl\/easyliance\/","title":{"rendered":"Easyliance"},"content":{"rendered":"<h1 class=\"text-head\" style=\"text-align: center;\"><span data-text-color=\"primary\">Easyliance<\/span><\/h1>\n<p>Easyliance jest innowacyjnym naturalnym uj\u0119drniaj\u0105cym \u015brodkiem kosmetycznym, kt\u00f3ry daje natychmiastowy, widoczny wp\u0142yw na sk\u00f3r\u0119, szczeg\u00f3lnie zauwa\u017calny w rogach oczu i wok\u00f3\u0142 ust. Easyliance jest 100% naturalnym produktem i daje widoczny i namacalny efekt wyg\u0142adzaj\u0105cy przez kilka minut, tworz\u0105c ci\u0105g\u0142\u0105 i elastyczn\u0105 pow\u0142ok\u0119.<\/p>\n","protected":false},"excerpt":{"rendered":"<p>Easyliance Easyliance jest innowacyjnym naturalnym uj\u0119drniaj\u0105cym \u015brodkiem kosmetycznym, kt\u00f3ry daje natychmiastowy, widoczny wp\u0142yw na sk\u00f3r\u0119, szczeg\u00f3lnie zauwa\u017calny w rogach oczu i wok\u00f3\u0142 ust. Easyliance jest 100% naturalnym produktem i daje widoczny i namacalny efekt wyg\u0142adzaj\u0105cy przez kilka minut, tworz\u0105c ci\u0105g\u0142\u0105 i elastyczn\u0105 pow\u0142ok\u0119.<\/p>\n","protected":false},"author":1,"featured_media":0,"parent":0,"menu_order":0,"comment_status":"closed","ping_status":"closed","template":"","meta":{"footnotes":""},"_links":{"self":[{"href":"https:\/\/seacare.com\/pl\/wp-json\/wp\/v2\/pages\/39065"}],"collection":[{"href":"https:\/\/seacare.com\/pl\/wp-json\/wp\/v2\/pages"}],"about":[{"href":"https:\/\/seacare.com\/pl\/wp-json\/wp\/v2\/types\/page"}],"author":[{"embeddable":true,"href":"https:\/\/seacare.com\/pl\/wp-json\/wp\/v2\/users\/1"}],"replies":[{"embeddable":true,"href":"https:\/\/seacare.com\/pl\/wp-json\/wp\/v2\/comments?post=39065"}],"version-history":[{"count":1,"href":"https:\/\/seacare.com\/pl\/wp-json\/wp\/v2\/pages\/39065\/revisions"}],"predecessor-version":[{"id":39066,"href":"https:\/\/seacare.com\/pl\/wp-json\/wp\/v2\/pages\/39065\/revisions\/39066"}],"wp:attachment":[{"href":"https:\/\/seacare.com\/pl\/wp-json\/wp\/v2\/media?parent=39065"}],"curies":[{"name":"wp","href":"https:\/\/api.w.org\/{rel}","templated":true}]}}