{"id":39067,"date":"2021-05-28T14:11:02","date_gmt":"2021-05-28T11:11:02","guid":{"rendered":"https:\/\/seacare.com\/pl\/?page_id=39067"},"modified":"2021-06-03T13:33:05","modified_gmt":"2021-06-03T10:33:05","slug":"kwas-hialuronowy","status":"publish","type":"page","link":"https:\/\/seacare.com\/pl\/kwas-hialuronowy\/","title":{"rendered":"Kwas hialuronowy"},"content":{"rendered":"<h1 class=\"text-head\" style=\"text-align: center;\"><span data-text-color=\"primary\">Kwas hialuronowy<\/span><\/h1>\n<p>Kwas hialuronowy jest kluczowym sk\u0142adnikiem wielu produkt\u00f3w do walki ze starzeniem i piel\u0119gnacji sk\u00f3ry. S\u0142u\u017cy do nawil\u017cenia sk\u00f3ry, zmniejszania pojawieniu si\u0119 zmarszczek, poprawienia elastyczno\u015bci sk\u00f3ry, a znajdziesz go w serum, kremach i balsamach. Daje naturalny wygl\u0105d sk\u00f3ry, przywraca ton sk\u00f3ry.<\/p>\n","protected":false},"excerpt":{"rendered":"<p>Kwas hialuronowy Kwas hialuronowy jest kluczowym sk\u0142adnikiem wielu produkt\u00f3w do walki ze starzeniem i piel\u0119gnacji sk\u00f3ry. S\u0142u\u017cy do nawil\u017cenia sk\u00f3ry, zmniejszania pojawieniu si\u0119 zmarszczek, poprawienia elastyczno\u015bci sk\u00f3ry, a znajdziesz go w serum, kremach i balsamach. Daje naturalny wygl\u0105d sk\u00f3ry, przywraca ton sk\u00f3ry.<\/p>\n","protected":false},"author":1,"featured_media":0,"parent":0,"menu_order":0,"comment_status":"closed","ping_status":"closed","template":"","meta":{"footnotes":""},"_links":{"self":[{"href":"https:\/\/seacare.com\/pl\/wp-json\/wp\/v2\/pages\/39067"}],"collection":[{"href":"https:\/\/seacare.com\/pl\/wp-json\/wp\/v2\/pages"}],"about":[{"href":"https:\/\/seacare.com\/pl\/wp-json\/wp\/v2\/types\/page"}],"author":[{"embeddable":true,"href":"https:\/\/seacare.com\/pl\/wp-json\/wp\/v2\/users\/1"}],"replies":[{"embeddable":true,"href":"https:\/\/seacare.com\/pl\/wp-json\/wp\/v2\/comments?post=39067"}],"version-history":[{"count":1,"href":"https:\/\/seacare.com\/pl\/wp-json\/wp\/v2\/pages\/39067\/revisions"}],"predecessor-version":[{"id":39068,"href":"https:\/\/seacare.com\/pl\/wp-json\/wp\/v2\/pages\/39067\/revisions\/39068"}],"wp:attachment":[{"href":"https:\/\/seacare.com\/pl\/wp-json\/wp\/v2\/media?parent=39067"}],"curies":[{"name":"wp","href":"https:\/\/api.w.org\/{rel}","templated":true}]}}