{"id":39069,"date":"2021-05-28T14:12:05","date_gmt":"2021-05-28T11:12:05","guid":{"rendered":"https:\/\/seacare.com\/pl\/?page_id=39069"},"modified":"2021-06-03T13:34:24","modified_gmt":"2021-06-03T10:34:24","slug":"witamina-a","status":"publish","type":"page","link":"https:\/\/seacare.com\/pl\/witamina-a\/","title":{"rendered":"Witamina A"},"content":{"rendered":"<h1 class=\"text-head\" style=\"text-align: center;\"><span data-text-color=\"primary\">Witamina A<\/span><\/h1>\n<p>Witamina A (nazywana jest r\u00f3wnie\u017c Retinolem) do twarzy wykonuje szereg funkcji, kt\u00f3re zapewniaj\u0105 og\u00f3lne zdrowie i blask sk\u00f3ry: przyspiesza kr\u0105\u017cenie krwi w sk\u00f3rze; eliminuje procesy zapalne; stymuluje procesy aktualizacji kom\u00f3rkowej; wyr\u00f3wnuje p\u0142asko\u015b\u0107 sk\u00f3ry; nawil\u017ca, zwi\u0119ksza elastyczno\u015b\u0107 i wzmacnia struktur\u0119 sk\u00f3ry.<\/p>\n","protected":false},"excerpt":{"rendered":"<p>Witamina A Witamina A (nazywana jest r\u00f3wnie\u017c Retinolem) do twarzy wykonuje szereg funkcji, kt\u00f3re zapewniaj\u0105 og\u00f3lne zdrowie i blask sk\u00f3ry: przyspiesza kr\u0105\u017cenie krwi w sk\u00f3rze; eliminuje procesy zapalne; stymuluje procesy aktualizacji kom\u00f3rkowej; wyr\u00f3wnuje p\u0142asko\u015b\u0107 sk\u00f3ry; nawil\u017ca, zwi\u0119ksza elastyczno\u015b\u0107 i wzmacnia struktur\u0119 sk\u00f3ry.<\/p>\n","protected":false},"author":1,"featured_media":0,"parent":0,"menu_order":0,"comment_status":"closed","ping_status":"closed","template":"","meta":{"footnotes":""},"_links":{"self":[{"href":"https:\/\/seacare.com\/pl\/wp-json\/wp\/v2\/pages\/39069"}],"collection":[{"href":"https:\/\/seacare.com\/pl\/wp-json\/wp\/v2\/pages"}],"about":[{"href":"https:\/\/seacare.com\/pl\/wp-json\/wp\/v2\/types\/page"}],"author":[{"embeddable":true,"href":"https:\/\/seacare.com\/pl\/wp-json\/wp\/v2\/users\/1"}],"replies":[{"embeddable":true,"href":"https:\/\/seacare.com\/pl\/wp-json\/wp\/v2\/comments?post=39069"}],"version-history":[{"count":1,"href":"https:\/\/seacare.com\/pl\/wp-json\/wp\/v2\/pages\/39069\/revisions"}],"predecessor-version":[{"id":39070,"href":"https:\/\/seacare.com\/pl\/wp-json\/wp\/v2\/pages\/39069\/revisions\/39070"}],"wp:attachment":[{"href":"https:\/\/seacare.com\/pl\/wp-json\/wp\/v2\/media?parent=39069"}],"curies":[{"name":"wp","href":"https:\/\/api.w.org\/{rel}","templated":true}]}}