{"id":39071,"date":"2021-05-28T14:13:06","date_gmt":"2021-05-28T11:13:06","guid":{"rendered":"https:\/\/seacare.com\/pl\/?page_id=39071"},"modified":"2021-06-03T13:34:26","modified_gmt":"2021-06-03T10:34:26","slug":"witamina-e","status":"publish","type":"page","link":"https:\/\/seacare.com\/pl\/witamina-e\/","title":{"rendered":"Witamina E"},"content":{"rendered":"<h1 class=\"text-head\" style=\"text-align: center;\"><span data-text-color=\"primary\">Witamina E<\/span><\/h1>\n<p>Witamina E pomaga zapobiega\u0107 objawom starzenia si\u0119, neutralizuj\u0105ce wolne rodniki. Witamina E nawil\u017ca i \u0142agodzi sk\u00f3r\u0119, po prostu zmaga si\u0119 z zapaleniem. Witamina E zapewnia SPF (wsp\u00f3\u0142czynnik przeciws\u0142oneczny), pomaga zapobiega\u0107 uszkodzeniom spowodowanym promieniowaniem ultrafioletowym.<\/p>\n","protected":false},"excerpt":{"rendered":"<p>Witamina E Witamina E pomaga zapobiega\u0107 objawom starzenia si\u0119, neutralizuj\u0105ce wolne rodniki. Witamina E nawil\u017ca i \u0142agodzi sk\u00f3r\u0119, po prostu zmaga si\u0119 z zapaleniem. Witamina E zapewnia SPF (wsp\u00f3\u0142czynnik przeciws\u0142oneczny), pomaga zapobiega\u0107 uszkodzeniom spowodowanym promieniowaniem ultrafioletowym.<\/p>\n","protected":false},"author":1,"featured_media":0,"parent":0,"menu_order":0,"comment_status":"closed","ping_status":"closed","template":"","meta":{"footnotes":""},"_links":{"self":[{"href":"https:\/\/seacare.com\/pl\/wp-json\/wp\/v2\/pages\/39071"}],"collection":[{"href":"https:\/\/seacare.com\/pl\/wp-json\/wp\/v2\/pages"}],"about":[{"href":"https:\/\/seacare.com\/pl\/wp-json\/wp\/v2\/types\/page"}],"author":[{"embeddable":true,"href":"https:\/\/seacare.com\/pl\/wp-json\/wp\/v2\/users\/1"}],"replies":[{"embeddable":true,"href":"https:\/\/seacare.com\/pl\/wp-json\/wp\/v2\/comments?post=39071"}],"version-history":[{"count":1,"href":"https:\/\/seacare.com\/pl\/wp-json\/wp\/v2\/pages\/39071\/revisions"}],"predecessor-version":[{"id":39072,"href":"https:\/\/seacare.com\/pl\/wp-json\/wp\/v2\/pages\/39071\/revisions\/39072"}],"wp:attachment":[{"href":"https:\/\/seacare.com\/pl\/wp-json\/wp\/v2\/media?parent=39071"}],"curies":[{"name":"wp","href":"https:\/\/api.w.org\/{rel}","templated":true}]}}