{"id":39073,"date":"2021-05-28T14:14:09","date_gmt":"2021-05-28T11:14:09","guid":{"rendered":"https:\/\/seacare.com\/pl\/?page_id=39073"},"modified":"2021-06-03T13:33:02","modified_gmt":"2021-06-03T10:33:02","slug":"koenzym-q10","status":"publish","type":"page","link":"https:\/\/seacare.com\/pl\/koenzym-q10\/","title":{"rendered":"Koenzym Q10"},"content":{"rendered":"<h1 class=\"text-head\" style=\"text-align: center;\"><span data-text-color=\"primary\">Koenzym Q10<\/span><\/h1>\n<p>Koenzym Q10, korzy\u015bci z niego s\u0105 nieocenione dla organizmu. Uczestniczy w procesach biochemicznych w naszym ciele, s\u0142u\u017cy jako g\u0142\u00f3wny element produkcji ATP. Ze wzgl\u0119du na mocny potencja\u0142 energetyczny s\u0142u\u017cy jako przeciwutleniacz, kt\u00f3ry pomaga spowolni\u0107 proces starzenia spowodowany tworzeniem wolnych rodnik\u00f3w.<\/p>\n","protected":false},"excerpt":{"rendered":"<p>Koenzym Q10 Koenzym Q10, korzy\u015bci z niego s\u0105 nieocenione dla organizmu. Uczestniczy w procesach biochemicznych w naszym ciele, s\u0142u\u017cy jako g\u0142\u00f3wny element produkcji ATP. Ze wzgl\u0119du na mocny potencja\u0142 energetyczny s\u0142u\u017cy jako przeciwutleniacz, kt\u00f3ry pomaga spowolni\u0107 proces starzenia spowodowany tworzeniem wolnych rodnik\u00f3w.<\/p>\n","protected":false},"author":1,"featured_media":0,"parent":0,"menu_order":0,"comment_status":"closed","ping_status":"closed","template":"","meta":{"footnotes":""},"_links":{"self":[{"href":"https:\/\/seacare.com\/pl\/wp-json\/wp\/v2\/pages\/39073"}],"collection":[{"href":"https:\/\/seacare.com\/pl\/wp-json\/wp\/v2\/pages"}],"about":[{"href":"https:\/\/seacare.com\/pl\/wp-json\/wp\/v2\/types\/page"}],"author":[{"embeddable":true,"href":"https:\/\/seacare.com\/pl\/wp-json\/wp\/v2\/users\/1"}],"replies":[{"embeddable":true,"href":"https:\/\/seacare.com\/pl\/wp-json\/wp\/v2\/comments?post=39073"}],"version-history":[{"count":1,"href":"https:\/\/seacare.com\/pl\/wp-json\/wp\/v2\/pages\/39073\/revisions"}],"predecessor-version":[{"id":39074,"href":"https:\/\/seacare.com\/pl\/wp-json\/wp\/v2\/pages\/39073\/revisions\/39074"}],"wp:attachment":[{"href":"https:\/\/seacare.com\/pl\/wp-json\/wp\/v2\/media?parent=39073"}],"curies":[{"name":"wp","href":"https:\/\/api.w.org\/{rel}","templated":true}]}}