{"id":39075,"date":"2021-05-28T14:15:09","date_gmt":"2021-05-28T11:15:09","guid":{"rendered":"https:\/\/seacare.com\/pl\/?page_id=39075"},"modified":"2021-06-03T13:32:32","modified_gmt":"2021-06-03T10:32:32","slug":"argireline","status":"publish","type":"page","link":"https:\/\/seacare.com\/pl\/argireline\/","title":{"rendered":"Argireline\u00ae"},"content":{"rendered":"<h1 class=\"text-head\" style=\"text-align: center;\"><span data-text-color=\"primary\">Argireline\u00ae<\/span><\/h1>\n<p>Argireline\u00ae (Argirelin) jest syntetycznym peptydemem o niskiej masie cz\u0105steczkowej, biologicznie bezpiecznej alternatywy dla botox. Argirelin spowalnia nadmiarow\u0105 produkcj\u0119 katecholamin (adrenalina, norepinenalina), prowokuj\u0105cych tworzenie si\u0119 zmarszczek mimicznych. Relaksuj\u0105c wyra\u017cenie twarzy, przed\u0142u\u017ca r\u00f3wnie\u017c prac\u0119 kwasu hialuronowego.<\/p>\n","protected":false},"excerpt":{"rendered":"<p>Argireline\u00ae Argireline\u00ae (Argirelin) jest syntetycznym peptydemem o niskiej masie cz\u0105steczkowej, biologicznie bezpiecznej alternatywy dla botox. Argirelin spowalnia nadmiarow\u0105 produkcj\u0119 katecholamin (adrenalina, norepinenalina), prowokuj\u0105cych tworzenie si\u0119 zmarszczek mimicznych. Relaksuj\u0105c wyra\u017cenie twarzy, przed\u0142u\u017ca r\u00f3wnie\u017c prac\u0119 kwasu hialuronowego.<\/p>\n","protected":false},"author":1,"featured_media":0,"parent":0,"menu_order":0,"comment_status":"closed","ping_status":"closed","template":"","meta":{"footnotes":""},"_links":{"self":[{"href":"https:\/\/seacare.com\/pl\/wp-json\/wp\/v2\/pages\/39075"}],"collection":[{"href":"https:\/\/seacare.com\/pl\/wp-json\/wp\/v2\/pages"}],"about":[{"href":"https:\/\/seacare.com\/pl\/wp-json\/wp\/v2\/types\/page"}],"author":[{"embeddable":true,"href":"https:\/\/seacare.com\/pl\/wp-json\/wp\/v2\/users\/1"}],"replies":[{"embeddable":true,"href":"https:\/\/seacare.com\/pl\/wp-json\/wp\/v2\/comments?post=39075"}],"version-history":[{"count":1,"href":"https:\/\/seacare.com\/pl\/wp-json\/wp\/v2\/pages\/39075\/revisions"}],"predecessor-version":[{"id":39076,"href":"https:\/\/seacare.com\/pl\/wp-json\/wp\/v2\/pages\/39075\/revisions\/39076"}],"wp:attachment":[{"href":"https:\/\/seacare.com\/pl\/wp-json\/wp\/v2\/media?parent=39075"}],"curies":[{"name":"wp","href":"https:\/\/api.w.org\/{rel}","templated":true}]}}