{"id":39077,"date":"2021-05-28T14:17:33","date_gmt":"2021-05-28T11:17:33","guid":{"rendered":"https:\/\/seacare.com\/pl\/?page_id=39077"},"modified":"2021-06-03T13:32:52","modified_gmt":"2021-06-03T10:32:52","slug":"emulium-mellifera-mb","status":"publish","type":"page","link":"https:\/\/seacare.com\/pl\/emulium-mellifera-mb\/","title":{"rendered":"Emulium\u00ae Mellifera MB"},"content":{"rendered":"<h1 class=\"text-head\" style=\"text-align: center;\"><span data-text-color=\"primary\"><strong>Emulium\u00ae Mellifera MB<\/strong><\/span><\/h1>\n<p>Emulium Mellifera zamienia si\u0119 na sk\u00f3rze w mi\u0119kki, ledwo namacalny &#8220;welon&#8221;, zapewnia doskona\u0142e nawil\u017cenie i ochron\u0119 sk\u00f3ry przed szkodliwym wp\u0142ywem \u015brodowiska. Zim\u0105 sk\u00f3ra jest uspokojona i chroniona przed odwodnieniem, latem nie jest odczuwana dotkliwo\u015b\u0107 na sk\u00f3rze i nie jest wywo\u0142ywany t\u0142usty po\u0142ysk.<\/p>\n","protected":false},"excerpt":{"rendered":"<p>Emulium\u00ae Mellifera MB Emulium Mellifera zamienia si\u0119 na sk\u00f3rze w mi\u0119kki, ledwo namacalny &#8220;welon&#8221;, zapewnia doskona\u0142e nawil\u017cenie i ochron\u0119 sk\u00f3ry przed szkodliwym wp\u0142ywem \u015brodowiska. Zim\u0105 sk\u00f3ra jest uspokojona i chroniona przed odwodnieniem, latem nie jest odczuwana dotkliwo\u015b\u0107 na sk\u00f3rze i nie jest wywo\u0142ywany t\u0142usty po\u0142ysk.<\/p>\n","protected":false},"author":1,"featured_media":0,"parent":0,"menu_order":0,"comment_status":"closed","ping_status":"closed","template":"","meta":{"footnotes":""},"_links":{"self":[{"href":"https:\/\/seacare.com\/pl\/wp-json\/wp\/v2\/pages\/39077"}],"collection":[{"href":"https:\/\/seacare.com\/pl\/wp-json\/wp\/v2\/pages"}],"about":[{"href":"https:\/\/seacare.com\/pl\/wp-json\/wp\/v2\/types\/page"}],"author":[{"embeddable":true,"href":"https:\/\/seacare.com\/pl\/wp-json\/wp\/v2\/users\/1"}],"replies":[{"embeddable":true,"href":"https:\/\/seacare.com\/pl\/wp-json\/wp\/v2\/comments?post=39077"}],"version-history":[{"count":2,"href":"https:\/\/seacare.com\/pl\/wp-json\/wp\/v2\/pages\/39077\/revisions"}],"predecessor-version":[{"id":39079,"href":"https:\/\/seacare.com\/pl\/wp-json\/wp\/v2\/pages\/39077\/revisions\/39079"}],"wp:attachment":[{"href":"https:\/\/seacare.com\/pl\/wp-json\/wp\/v2\/media?parent=39077"}],"curies":[{"name":"wp","href":"https:\/\/api.w.org\/{rel}","templated":true}]}}