{"id":39080,"date":"2021-05-28T14:19:15","date_gmt":"2021-05-28T11:19:15","guid":{"rendered":"https:\/\/seacare.com\/pl\/?page_id=39080"},"modified":"2021-06-03T13:32:26","modified_gmt":"2021-06-03T10:32:26","slug":"acnacidol-bg","status":"publish","type":"page","link":"https:\/\/seacare.com\/pl\/acnacidol-bg\/","title":{"rendered":"Acnacidol\u2122 BG"},"content":{"rendered":"<h1 class=\"text-head\" style=\"text-align: center;\"><span data-text-color=\"primary\">Acnacidol\u2122 BG<\/span><\/h1>\n<p>Acnacidol \u2122 BG (Aknacidol) jest innowacyjnym sk\u0142adnikiem aktywnym, kt\u00f3ry otrzymuje si\u0119 z oleju rycynowego. Jest to po\u0142\u0105czenie kwasu 10-hydroksydekinowego, kwasu sebsydowego i dekandiolu, w celu przywr\u00f3cenia r\u00f3wnowagi fizjologicznej sk\u00f3ry wystawionej na tr\u0105dzik (pryszcze).<\/p>\n","protected":false},"excerpt":{"rendered":"<p>Acnacidol\u2122 BG Acnacidol \u2122 BG (Aknacidol) jest innowacyjnym sk\u0142adnikiem aktywnym, kt\u00f3ry otrzymuje si\u0119 z oleju rycynowego. Jest to po\u0142\u0105czenie kwasu 10-hydroksydekinowego, kwasu sebsydowego i dekandiolu, w celu przywr\u00f3cenia r\u00f3wnowagi fizjologicznej sk\u00f3ry wystawionej na tr\u0105dzik (pryszcze).<\/p>\n","protected":false},"author":1,"featured_media":0,"parent":0,"menu_order":0,"comment_status":"closed","ping_status":"closed","template":"","meta":{"footnotes":""},"_links":{"self":[{"href":"https:\/\/seacare.com\/pl\/wp-json\/wp\/v2\/pages\/39080"}],"collection":[{"href":"https:\/\/seacare.com\/pl\/wp-json\/wp\/v2\/pages"}],"about":[{"href":"https:\/\/seacare.com\/pl\/wp-json\/wp\/v2\/types\/page"}],"author":[{"embeddable":true,"href":"https:\/\/seacare.com\/pl\/wp-json\/wp\/v2\/users\/1"}],"replies":[{"embeddable":true,"href":"https:\/\/seacare.com\/pl\/wp-json\/wp\/v2\/comments?post=39080"}],"version-history":[{"count":1,"href":"https:\/\/seacare.com\/pl\/wp-json\/wp\/v2\/pages\/39080\/revisions"}],"predecessor-version":[{"id":39081,"href":"https:\/\/seacare.com\/pl\/wp-json\/wp\/v2\/pages\/39080\/revisions\/39081"}],"wp:attachment":[{"href":"https:\/\/seacare.com\/pl\/wp-json\/wp\/v2\/media?parent=39080"}],"curies":[{"name":"wp","href":"https:\/\/api.w.org\/{rel}","templated":true}]}}