{"id":39082,"date":"2021-05-28T14:20:05","date_gmt":"2021-05-28T11:20:05","guid":{"rendered":"https:\/\/seacare.com\/pl\/?page_id=39082"},"modified":"2021-06-03T13:32:55","modified_gmt":"2021-06-03T10:32:55","slug":"evermat","status":"publish","type":"page","link":"https:\/\/seacare.com\/pl\/evermat\/","title":{"rendered":"Evermat\u2122"},"content":{"rendered":"<h1 class=\"text-head\" style=\"text-align: center;\"><span data-text-color=\"primary\">Evermat\u2122<\/span><\/h1>\n<p>Evermat \u2122 (Ewarmat) jest skutecznym sk\u0142adnikiem aktywnym do piel\u0119gnacji t\u0142ustej sk\u00f3ry: ma doskona\u0142e w\u0142a\u015bciwo\u015bci matowania, pomaga zw\u0119zi\u0107 i zmniejszy\u0107 pory, wyr\u00f3wnuje sk\u00f3r\u0119. Baz\u0105 tego sk\u0142adnika jest kwas oleinowy, ekstrakt ro\u015blinny i glikol butylenowy. Ewermat jest sk\u0142adnikiem przeciwzapalnym.<\/p>\n","protected":false},"excerpt":{"rendered":"<p>Evermat\u2122 Evermat \u2122 (Ewarmat) jest skutecznym sk\u0142adnikiem aktywnym do piel\u0119gnacji t\u0142ustej sk\u00f3ry: ma doskona\u0142e w\u0142a\u015bciwo\u015bci matowania, pomaga zw\u0119zi\u0107 i zmniejszy\u0107 pory, wyr\u00f3wnuje sk\u00f3r\u0119. Baz\u0105 tego sk\u0142adnika jest kwas oleinowy, ekstrakt ro\u015blinny i glikol butylenowy. Ewermat jest sk\u0142adnikiem przeciwzapalnym.<\/p>\n","protected":false},"author":1,"featured_media":0,"parent":0,"menu_order":0,"comment_status":"closed","ping_status":"closed","template":"","meta":{"footnotes":""},"_links":{"self":[{"href":"https:\/\/seacare.com\/pl\/wp-json\/wp\/v2\/pages\/39082"}],"collection":[{"href":"https:\/\/seacare.com\/pl\/wp-json\/wp\/v2\/pages"}],"about":[{"href":"https:\/\/seacare.com\/pl\/wp-json\/wp\/v2\/types\/page"}],"author":[{"embeddable":true,"href":"https:\/\/seacare.com\/pl\/wp-json\/wp\/v2\/users\/1"}],"replies":[{"embeddable":true,"href":"https:\/\/seacare.com\/pl\/wp-json\/wp\/v2\/comments?post=39082"}],"version-history":[{"count":1,"href":"https:\/\/seacare.com\/pl\/wp-json\/wp\/v2\/pages\/39082\/revisions"}],"predecessor-version":[{"id":39083,"href":"https:\/\/seacare.com\/pl\/wp-json\/wp\/v2\/pages\/39082\/revisions\/39083"}],"wp:attachment":[{"href":"https:\/\/seacare.com\/pl\/wp-json\/wp\/v2\/media?parent=39082"}],"curies":[{"name":"wp","href":"https:\/\/api.w.org\/{rel}","templated":true}]}}