{"id":39084,"date":"2021-05-28T14:21:03","date_gmt":"2021-05-28T11:21:03","guid":{"rendered":"https:\/\/seacare.com\/pl\/?page_id=39084"},"modified":"2021-06-03T13:34:16","modified_gmt":"2021-06-03T10:34:16","slug":"resistem","status":"publish","type":"page","link":"https:\/\/seacare.com\/pl\/resistem\/","title":{"rendered":"Resistem\u2122"},"content":{"rendered":"<h1 class=\"text-head\" style=\"text-align: center;\"><span data-text-color=\"primary\">Resistem\u2122<\/span><\/h1>\n<p>Resistem \u2122 (Resistem) jest aktywnym wysokotechnologicznym sk\u0142adnikiem przeciwstarzeniowym uzyskanym z macierzystych kom\u00f3rek ro\u015bliny Globularia CordiFolia. Resistem dzia\u0142a jako \u015brodek odm\u0142adzaj\u0105cy i kondycjonuj\u0105cy. Pomaga sk\u00f3rze zmniejszy\u0107 poziom substancji powoduj\u0105cych starzenie si\u0119 i spowodowane toksynami, proces\u00f3w mikrozapaleniowych.<\/p>\n","protected":false},"excerpt":{"rendered":"<p>Resistem\u2122 Resistem \u2122 (Resistem) jest aktywnym wysokotechnologicznym sk\u0142adnikiem przeciwstarzeniowym uzyskanym z macierzystych kom\u00f3rek ro\u015bliny Globularia CordiFolia. Resistem dzia\u0142a jako \u015brodek odm\u0142adzaj\u0105cy i kondycjonuj\u0105cy. Pomaga sk\u00f3rze zmniejszy\u0107 poziom substancji powoduj\u0105cych starzenie si\u0119 i spowodowane toksynami, proces\u00f3w mikrozapaleniowych.<\/p>\n","protected":false},"author":1,"featured_media":0,"parent":0,"menu_order":0,"comment_status":"closed","ping_status":"closed","template":"","meta":{"footnotes":""},"_links":{"self":[{"href":"https:\/\/seacare.com\/pl\/wp-json\/wp\/v2\/pages\/39084"}],"collection":[{"href":"https:\/\/seacare.com\/pl\/wp-json\/wp\/v2\/pages"}],"about":[{"href":"https:\/\/seacare.com\/pl\/wp-json\/wp\/v2\/types\/page"}],"author":[{"embeddable":true,"href":"https:\/\/seacare.com\/pl\/wp-json\/wp\/v2\/users\/1"}],"replies":[{"embeddable":true,"href":"https:\/\/seacare.com\/pl\/wp-json\/wp\/v2\/comments?post=39084"}],"version-history":[{"count":1,"href":"https:\/\/seacare.com\/pl\/wp-json\/wp\/v2\/pages\/39084\/revisions"}],"predecessor-version":[{"id":39085,"href":"https:\/\/seacare.com\/pl\/wp-json\/wp\/v2\/pages\/39084\/revisions\/39085"}],"wp:attachment":[{"href":"https:\/\/seacare.com\/pl\/wp-json\/wp\/v2\/media?parent=39084"}],"curies":[{"name":"wp","href":"https:\/\/api.w.org\/{rel}","templated":true}]}}