{"id":39086,"date":"2021-05-28T14:22:06","date_gmt":"2021-05-28T11:22:06","guid":{"rendered":"https:\/\/seacare.com\/pl\/?page_id=39086"},"modified":"2021-06-03T13:34:17","modified_gmt":"2021-06-03T10:34:17","slug":"ronacare-bisabolol","status":"publish","type":"page","link":"https:\/\/seacare.com\/pl\/ronacare-bisabolol\/","title":{"rendered":"RonaCare\u00ae Bisabolol"},"content":{"rendered":"<h1 class=\"text-head\" style=\"text-align: center;\"><span data-text-color=\"primary\">RonaCare\u00ae Bisabolol<\/span><\/h1>\n<p>Ronacare\u00ae bisabolol (Bisabolol) jest znany w kosmetologii, jako skuteczny sk\u0142adnik przeciwzapalny, \u0142agodz\u0105cy podra\u017cnienie na sk\u00f3rze, niezale\u017cnie od ich pochodzenia. G\u0142\u00f3wn\u0105 funkcj\u0105 RonaCare\u00ae Bisabolol w kosmetykach jest uspokojenie sk\u00f3ry. Bisabolol redukuje podra\u017cnienie sk\u00f3ry.<\/p>\n","protected":false},"excerpt":{"rendered":"<p>RonaCare\u00ae Bisabolol Ronacare\u00ae bisabolol (Bisabolol) jest znany w kosmetologii, jako skuteczny sk\u0142adnik przeciwzapalny, \u0142agodz\u0105cy podra\u017cnienie na sk\u00f3rze, niezale\u017cnie od ich pochodzenia. G\u0142\u00f3wn\u0105 funkcj\u0105 RonaCare\u00ae Bisabolol w kosmetykach jest uspokojenie sk\u00f3ry. Bisabolol redukuje podra\u017cnienie sk\u00f3ry.<\/p>\n","protected":false},"author":1,"featured_media":0,"parent":0,"menu_order":0,"comment_status":"closed","ping_status":"closed","template":"","meta":{"footnotes":""},"_links":{"self":[{"href":"https:\/\/seacare.com\/pl\/wp-json\/wp\/v2\/pages\/39086"}],"collection":[{"href":"https:\/\/seacare.com\/pl\/wp-json\/wp\/v2\/pages"}],"about":[{"href":"https:\/\/seacare.com\/pl\/wp-json\/wp\/v2\/types\/page"}],"author":[{"embeddable":true,"href":"https:\/\/seacare.com\/pl\/wp-json\/wp\/v2\/users\/1"}],"replies":[{"embeddable":true,"href":"https:\/\/seacare.com\/pl\/wp-json\/wp\/v2\/comments?post=39086"}],"version-history":[{"count":1,"href":"https:\/\/seacare.com\/pl\/wp-json\/wp\/v2\/pages\/39086\/revisions"}],"predecessor-version":[{"id":39087,"href":"https:\/\/seacare.com\/pl\/wp-json\/wp\/v2\/pages\/39086\/revisions\/39087"}],"wp:attachment":[{"href":"https:\/\/seacare.com\/pl\/wp-json\/wp\/v2\/media?parent=39086"}],"curies":[{"name":"wp","href":"https:\/\/api.w.org\/{rel}","templated":true}]}}