{"id":39088,"date":"2021-05-28T14:23:59","date_gmt":"2021-05-28T11:23:59","guid":{"rendered":"https:\/\/seacare.com\/pl\/?page_id=39088"},"modified":"2021-06-03T13:34:19","modified_gmt":"2021-06-03T10:34:19","slug":"sepicontrol-a5","status":"publish","type":"page","link":"https:\/\/seacare.com\/pl\/sepicontrol-a5\/","title":{"rendered":"SEPICONTROL\u2122 A5"},"content":{"rendered":"<h1 class=\"text-head\" style=\"text-align: center;\"><span data-text-color=\"primary\">SEPICONTROL\u2122 A5<\/span><\/h1>\n<p>SEPICONTROL \u2122 A5 (Sepicontrol) jest nowym unikalnym z\u0142o\u017conym sk\u0142adnikiem aktywnym do sk\u00f3ry t\u0142ustej i problematycznej, podatnej na tr\u0105dzik, sebelletel (reguluje produkcj\u0119 sebum) i komedolityk (zapobiega tworzeniu komedon\u00f3w). Substancje zawarte w jego kompozycji s\u0105 wybierane w ten spos\u00f3b, aby wp\u0142ywa\u0107 na g\u0142\u00f3wne przyczyny komedonu.<\/p>\n","protected":false},"excerpt":{"rendered":"<p>SEPICONTROL\u2122 A5 SEPICONTROL \u2122 A5 (Sepicontrol) jest nowym unikalnym z\u0142o\u017conym sk\u0142adnikiem aktywnym do sk\u00f3ry t\u0142ustej i problematycznej, podatnej na tr\u0105dzik, sebelletel (reguluje produkcj\u0119 sebum) i komedolityk (zapobiega tworzeniu komedon\u00f3w). Substancje zawarte w jego kompozycji s\u0105 wybierane w ten spos\u00f3b, aby wp\u0142ywa\u0107 na g\u0142\u00f3wne przyczyny komedonu.<\/p>\n","protected":false},"author":1,"featured_media":0,"parent":0,"menu_order":0,"comment_status":"closed","ping_status":"closed","template":"","meta":{"footnotes":""},"_links":{"self":[{"href":"https:\/\/seacare.com\/pl\/wp-json\/wp\/v2\/pages\/39088"}],"collection":[{"href":"https:\/\/seacare.com\/pl\/wp-json\/wp\/v2\/pages"}],"about":[{"href":"https:\/\/seacare.com\/pl\/wp-json\/wp\/v2\/types\/page"}],"author":[{"embeddable":true,"href":"https:\/\/seacare.com\/pl\/wp-json\/wp\/v2\/users\/1"}],"replies":[{"embeddable":true,"href":"https:\/\/seacare.com\/pl\/wp-json\/wp\/v2\/comments?post=39088"}],"version-history":[{"count":1,"href":"https:\/\/seacare.com\/pl\/wp-json\/wp\/v2\/pages\/39088\/revisions"}],"predecessor-version":[{"id":39089,"href":"https:\/\/seacare.com\/pl\/wp-json\/wp\/v2\/pages\/39088\/revisions\/39089"}],"wp:attachment":[{"href":"https:\/\/seacare.com\/pl\/wp-json\/wp\/v2\/media?parent=39088"}],"curies":[{"name":"wp","href":"https:\/\/api.w.org\/{rel}","templated":true}]}}