{"id":39090,"date":"2021-05-28T14:47:49","date_gmt":"2021-05-28T11:47:49","guid":{"rendered":"https:\/\/seacare.com\/pl\/?page_id=39090"},"modified":"2021-06-03T13:32:53","modified_gmt":"2021-06-03T10:32:53","slug":"eps-seafill","status":"publish","type":"page","link":"https:\/\/seacare.com\/pl\/eps-seafill\/","title":{"rendered":"EPS Seafill"},"content":{"rendered":"<h1 class=\"text-head\" style=\"text-align: center;\"><span data-text-color=\"primary\">EPS Seafill <\/span><\/h1>\n<p>EPS Seafill jest wyj\u0105tkowym, czystym i naturalnym exopolisaccharyd (EPS) do natychmiastowego dzia\u0142ania przed zmarszczkami. Uzyskuje si\u0119 przez biotechnologiczn\u0105 drog\u0119 z pomoc\u0105 Morskich Mikroorganizm\u00f3w Planktonowych Morza Iruzy (Brittany, Francja). EPS Seepfill ma wysokie powinowactwo sk\u00f3ry, doskonale wype\u0142nia zmarszczki i wyg\u0142adza nier\u00f3wno\u015bci sk\u00f3ry.<\/p>\n","protected":false},"excerpt":{"rendered":"<p>EPS Seafill EPS Seafill jest wyj\u0105tkowym, czystym i naturalnym exopolisaccharyd (EPS) do natychmiastowego dzia\u0142ania przed zmarszczkami. Uzyskuje si\u0119 przez biotechnologiczn\u0105 drog\u0119 z pomoc\u0105 Morskich Mikroorganizm\u00f3w Planktonowych Morza Iruzy (Brittany, Francja). EPS Seepfill ma wysokie powinowactwo sk\u00f3ry, doskonale wype\u0142nia zmarszczki i wyg\u0142adza nier\u00f3wno\u015bci sk\u00f3ry.<\/p>\n","protected":false},"author":1,"featured_media":0,"parent":0,"menu_order":0,"comment_status":"closed","ping_status":"closed","template":"","meta":{"footnotes":""},"_links":{"self":[{"href":"https:\/\/seacare.com\/pl\/wp-json\/wp\/v2\/pages\/39090"}],"collection":[{"href":"https:\/\/seacare.com\/pl\/wp-json\/wp\/v2\/pages"}],"about":[{"href":"https:\/\/seacare.com\/pl\/wp-json\/wp\/v2\/types\/page"}],"author":[{"embeddable":true,"href":"https:\/\/seacare.com\/pl\/wp-json\/wp\/v2\/users\/1"}],"replies":[{"embeddable":true,"href":"https:\/\/seacare.com\/pl\/wp-json\/wp\/v2\/comments?post=39090"}],"version-history":[{"count":1,"href":"https:\/\/seacare.com\/pl\/wp-json\/wp\/v2\/pages\/39090\/revisions"}],"predecessor-version":[{"id":39091,"href":"https:\/\/seacare.com\/pl\/wp-json\/wp\/v2\/pages\/39090\/revisions\/39091"}],"wp:attachment":[{"href":"https:\/\/seacare.com\/pl\/wp-json\/wp\/v2\/media?parent=39090"}],"curies":[{"name":"wp","href":"https:\/\/api.w.org\/{rel}","templated":true}]}}