{"id":39092,"date":"2021-05-28T14:48:43","date_gmt":"2021-05-28T11:48:43","guid":{"rendered":"https:\/\/seacare.com\/pl\/?page_id=39092"},"modified":"2021-06-03T13:34:21","modified_gmt":"2021-06-03T10:34:21","slug":"sesaflash","status":"publish","type":"page","link":"https:\/\/seacare.com\/pl\/sesaflash\/","title":{"rendered":"Sesaflash\u00ae"},"content":{"rendered":"<h1 class=\"text-head\" style=\"text-align: center;\"><span data-text-color=\"primary\">Sesaflash\u00ae<\/span><\/h1>\n<p>Sesaflash\u00ae (CezaFlash) jest pot\u0119\u017cnym naturalnym sk\u0142adnikiem opartym na sezamie stosowanym w produktach do piel\u0119gnacji sk\u00f3ry. CeseFlash jest znany z faktu, \u017ce niemal natychmiast ukrywa zmarszczki i torby pod oczami. Stwarza widoczny wp\u0142yw w ci\u0105gu 5-10 minut, co czyni go idealnym \u015brodkiem piel\u0119gnacji sk\u00f3ry, kt\u00f3ry musi by\u0107 u\u017cywany przed kosmetykami.<\/p>\n","protected":false},"excerpt":{"rendered":"<p>Sesaflash\u00ae Sesaflash\u00ae (CezaFlash) jest pot\u0119\u017cnym naturalnym sk\u0142adnikiem opartym na sezamie stosowanym w produktach do piel\u0119gnacji sk\u00f3ry. CeseFlash jest znany z faktu, \u017ce niemal natychmiast ukrywa zmarszczki i torby pod oczami. Stwarza widoczny wp\u0142yw w ci\u0105gu 5-10 minut, co czyni go idealnym \u015brodkiem piel\u0119gnacji sk\u00f3ry, kt\u00f3ry musi by\u0107 u\u017cywany przed kosmetykami.<\/p>\n","protected":false},"author":1,"featured_media":0,"parent":0,"menu_order":0,"comment_status":"closed","ping_status":"closed","template":"","meta":{"footnotes":""},"_links":{"self":[{"href":"https:\/\/seacare.com\/pl\/wp-json\/wp\/v2\/pages\/39092"}],"collection":[{"href":"https:\/\/seacare.com\/pl\/wp-json\/wp\/v2\/pages"}],"about":[{"href":"https:\/\/seacare.com\/pl\/wp-json\/wp\/v2\/types\/page"}],"author":[{"embeddable":true,"href":"https:\/\/seacare.com\/pl\/wp-json\/wp\/v2\/users\/1"}],"replies":[{"embeddable":true,"href":"https:\/\/seacare.com\/pl\/wp-json\/wp\/v2\/comments?post=39092"}],"version-history":[{"count":1,"href":"https:\/\/seacare.com\/pl\/wp-json\/wp\/v2\/pages\/39092\/revisions"}],"predecessor-version":[{"id":39093,"href":"https:\/\/seacare.com\/pl\/wp-json\/wp\/v2\/pages\/39092\/revisions\/39093"}],"wp:attachment":[{"href":"https:\/\/seacare.com\/pl\/wp-json\/wp\/v2\/media?parent=39092"}],"curies":[{"name":"wp","href":"https:\/\/api.w.org\/{rel}","templated":true}]}}