{"id":39094,"date":"2021-05-28T14:49:26","date_gmt":"2021-05-28T11:49:26","guid":{"rendered":"https:\/\/seacare.com\/pl\/?page_id=39094"},"modified":"2021-06-03T13:34:11","modified_gmt":"2021-06-03T10:34:11","slug":"primalhyal-gold","status":"publish","type":"page","link":"https:\/\/seacare.com\/pl\/primalhyal-gold\/","title":{"rendered":"PrimalHyal\u2122 Gold"},"content":{"rendered":"<h1 class=\"text-head\" style=\"text-align: center;\"><span data-text-color=\"primary\">PrimalHyal\u2122 Gold <\/span><\/h1>\n<p>PrimalHyal \u2122 Gold jest nowym rozwi\u0105zaniem technologicznym szwajcarskiej firmy chemicznej Givaudan, stworzony na podstawie zr\u00f3wnowa\u017conych proces\u00f3w produkcyjnych (biofermentacji), co pozwala na wprowadzenie uwodnionego hialuronanu do kompozycji kosmetycznych na bazie oleju. PrimalHyal Gold podtrzymuje syntez\u0119 kolagenu, a tak\u017ce zachowuje wilgotno\u015b\u0107 sk\u00f3ry.<\/p>\n","protected":false},"excerpt":{"rendered":"<p>PrimalHyal\u2122 Gold PrimalHyal \u2122 Gold jest nowym rozwi\u0105zaniem technologicznym szwajcarskiej firmy chemicznej Givaudan, stworzony na podstawie zr\u00f3wnowa\u017conych proces\u00f3w produkcyjnych (biofermentacji), co pozwala na wprowadzenie uwodnionego hialuronanu do kompozycji kosmetycznych na bazie oleju. PrimalHyal Gold podtrzymuje syntez\u0119 kolagenu, a tak\u017ce zachowuje wilgotno\u015b\u0107 sk\u00f3ry.<\/p>\n","protected":false},"author":1,"featured_media":0,"parent":0,"menu_order":0,"comment_status":"closed","ping_status":"closed","template":"","meta":{"footnotes":""},"_links":{"self":[{"href":"https:\/\/seacare.com\/pl\/wp-json\/wp\/v2\/pages\/39094"}],"collection":[{"href":"https:\/\/seacare.com\/pl\/wp-json\/wp\/v2\/pages"}],"about":[{"href":"https:\/\/seacare.com\/pl\/wp-json\/wp\/v2\/types\/page"}],"author":[{"embeddable":true,"href":"https:\/\/seacare.com\/pl\/wp-json\/wp\/v2\/users\/1"}],"replies":[{"embeddable":true,"href":"https:\/\/seacare.com\/pl\/wp-json\/wp\/v2\/comments?post=39094"}],"version-history":[{"count":1,"href":"https:\/\/seacare.com\/pl\/wp-json\/wp\/v2\/pages\/39094\/revisions"}],"predecessor-version":[{"id":39095,"href":"https:\/\/seacare.com\/pl\/wp-json\/wp\/v2\/pages\/39094\/revisions\/39095"}],"wp:attachment":[{"href":"https:\/\/seacare.com\/pl\/wp-json\/wp\/v2\/media?parent=39094"}],"curies":[{"name":"wp","href":"https:\/\/api.w.org\/{rel}","templated":true}]}}