{"id":39096,"date":"2021-05-28T14:54:29","date_gmt":"2021-05-28T11:54:29","guid":{"rendered":"https:\/\/seacare.com\/pl\/?page_id=39096"},"modified":"2021-06-03T13:34:09","modified_gmt":"2021-06-03T10:34:09","slug":"pentavitin","status":"publish","type":"page","link":"https:\/\/seacare.com\/pl\/pentavitin\/","title":{"rendered":"PENTAVITIN\u00ae"},"content":{"rendered":"<h1 class=\"text-head\" style=\"text-align: center;\"><span data-text-color=\"primary\">PENTAVITIN\u00ae<\/span><\/h1>\n<p>PENTAVITIN\u00ae (Pentawitin) jest 100% naturalnym sk\u0142adnikiem pochodzenia ro\u015blinnego. Jego skuteczno\u015b\u0107 jest uzasadniona wyj\u0105tkow\u0105 kompozycj\u0105, kt\u00f3ra jest podobna do kompleksu w\u0119glowodan\u00f3w zawartych w sk\u00f3rze cz\u0142owieka, a tak\u017ce unikalnymi w\u0142a\u015bciwo\u015bciami, dzi\u0119ki czemu jest doskonale wch\u0142aniany przez sk\u00f3r\u0119 i sk\u00f3r\u0119 g\u0142owy.<\/p>\n","protected":false},"excerpt":{"rendered":"<p>PENTAVITIN\u00ae PENTAVITIN\u00ae (Pentawitin) jest 100% naturalnym sk\u0142adnikiem pochodzenia ro\u015blinnego. Jego skuteczno\u015b\u0107 jest uzasadniona wyj\u0105tkow\u0105 kompozycj\u0105, kt\u00f3ra jest podobna do kompleksu w\u0119glowodan\u00f3w zawartych w sk\u00f3rze cz\u0142owieka, a tak\u017ce unikalnymi w\u0142a\u015bciwo\u015bciami, dzi\u0119ki czemu jest doskonale wch\u0142aniany przez sk\u00f3r\u0119 i sk\u00f3r\u0119 g\u0142owy.<\/p>\n","protected":false},"author":1,"featured_media":0,"parent":0,"menu_order":0,"comment_status":"closed","ping_status":"closed","template":"","meta":{"footnotes":""},"_links":{"self":[{"href":"https:\/\/seacare.com\/pl\/wp-json\/wp\/v2\/pages\/39096"}],"collection":[{"href":"https:\/\/seacare.com\/pl\/wp-json\/wp\/v2\/pages"}],"about":[{"href":"https:\/\/seacare.com\/pl\/wp-json\/wp\/v2\/types\/page"}],"author":[{"embeddable":true,"href":"https:\/\/seacare.com\/pl\/wp-json\/wp\/v2\/users\/1"}],"replies":[{"embeddable":true,"href":"https:\/\/seacare.com\/pl\/wp-json\/wp\/v2\/comments?post=39096"}],"version-history":[{"count":1,"href":"https:\/\/seacare.com\/pl\/wp-json\/wp\/v2\/pages\/39096\/revisions"}],"predecessor-version":[{"id":39097,"href":"https:\/\/seacare.com\/pl\/wp-json\/wp\/v2\/pages\/39096\/revisions\/39097"}],"wp:attachment":[{"href":"https:\/\/seacare.com\/pl\/wp-json\/wp\/v2\/media?parent=39096"}],"curies":[{"name":"wp","href":"https:\/\/api.w.org\/{rel}","templated":true}]}}