{"id":39098,"date":"2021-05-28T14:55:20","date_gmt":"2021-05-28T11:55:20","guid":{"rendered":"https:\/\/seacare.com\/pl\/?page_id=39098"},"modified":"2021-06-03T13:32:24","modified_gmt":"2021-06-03T10:32:24","slug":"abil-soft-af-300","status":"publish","type":"page","link":"https:\/\/seacare.com\/pl\/abil-soft-af-300\/","title":{"rendered":"ABIL\u00ae Soft AF 300"},"content":{"rendered":"<h1 class=\"text-head\" style=\"text-align: center;\"><span data-text-color=\"primary\">ABIL\u00ae Soft AF 300<\/span><\/h1>\n<p>ABIL\u00ae SOFT AF 300 jest wysoce produktywnym aminopropylowym dimetikonem. Nowy preparat silikonowy o wysokiej masie cz\u0105steczkowej do od\u017cywek do w\u0142os\u00f3w. ABIL\u00ae SOFT AF 300 zapewnia znacznie ulepszone od\u017cywianie i zmi\u0119kczaj\u0105ce w\u0142a\u015bciwo\u015bci do piel\u0119gnacji w\u0142os\u00f3w.<\/p>\n","protected":false},"excerpt":{"rendered":"<p>ABIL\u00ae Soft AF 300 ABIL\u00ae SOFT AF 300 jest wysoce produktywnym aminopropylowym dimetikonem. Nowy preparat silikonowy o wysokiej masie cz\u0105steczkowej do od\u017cywek do w\u0142os\u00f3w. ABIL\u00ae SOFT AF 300 zapewnia znacznie ulepszone od\u017cywianie i zmi\u0119kczaj\u0105ce w\u0142a\u015bciwo\u015bci do piel\u0119gnacji w\u0142os\u00f3w.<\/p>\n","protected":false},"author":1,"featured_media":0,"parent":0,"menu_order":0,"comment_status":"closed","ping_status":"closed","template":"","meta":{"footnotes":""},"_links":{"self":[{"href":"https:\/\/seacare.com\/pl\/wp-json\/wp\/v2\/pages\/39098"}],"collection":[{"href":"https:\/\/seacare.com\/pl\/wp-json\/wp\/v2\/pages"}],"about":[{"href":"https:\/\/seacare.com\/pl\/wp-json\/wp\/v2\/types\/page"}],"author":[{"embeddable":true,"href":"https:\/\/seacare.com\/pl\/wp-json\/wp\/v2\/users\/1"}],"replies":[{"embeddable":true,"href":"https:\/\/seacare.com\/pl\/wp-json\/wp\/v2\/comments?post=39098"}],"version-history":[{"count":1,"href":"https:\/\/seacare.com\/pl\/wp-json\/wp\/v2\/pages\/39098\/revisions"}],"predecessor-version":[{"id":39099,"href":"https:\/\/seacare.com\/pl\/wp-json\/wp\/v2\/pages\/39098\/revisions\/39099"}],"wp:attachment":[{"href":"https:\/\/seacare.com\/pl\/wp-json\/wp\/v2\/media?parent=39098"}],"curies":[{"name":"wp","href":"https:\/\/api.w.org\/{rel}","templated":true}]}}