{"id":39100,"date":"2021-05-28T14:55:58","date_gmt":"2021-05-28T11:55:58","guid":{"rendered":"https:\/\/seacare.com\/pl\/?page_id=39100"},"modified":"2021-06-03T13:32:22","modified_gmt":"2021-06-03T10:32:22","slug":"abil-soft-af-200","status":"publish","type":"page","link":"https:\/\/seacare.com\/pl\/abil-soft-af-200\/","title":{"rendered":"ABIL\u00ae Soft AF 200"},"content":{"rendered":"<h1 class=\"text-head\" style=\"text-align: center;\"><span data-text-color=\"primary\">ABIL\u00ae Soft AF 200<\/span><\/h1>\n<p>ABIL\u00ae Soft AF 200 jest nowym sk\u0142adnikiem ekonomicznego i wydajnego od\u017cywiania w\u0142os\u00f3w, kt\u00f3ry jest zoptymalizowany dla lepszego od\u017cywiania. Aminosilikon zapewnia doskona\u0142e od\u017cywianie w\u0142os\u00f3w, daj\u0105c mi\u0119kko\u015b\u0107 w\u0142os\u00f3w, g\u0142adko\u015b\u0107, komfort, obs\u0142ug\u0119 i kombitowanie.<\/p>\n","protected":false},"excerpt":{"rendered":"<p>ABIL\u00ae Soft AF 200 ABIL\u00ae Soft AF 200 jest nowym sk\u0142adnikiem ekonomicznego i wydajnego od\u017cywiania w\u0142os\u00f3w, kt\u00f3ry jest zoptymalizowany dla lepszego od\u017cywiania. Aminosilikon zapewnia doskona\u0142e od\u017cywianie w\u0142os\u00f3w, daj\u0105c mi\u0119kko\u015b\u0107 w\u0142os\u00f3w, g\u0142adko\u015b\u0107, komfort, obs\u0142ug\u0119 i kombitowanie.<\/p>\n","protected":false},"author":1,"featured_media":0,"parent":0,"menu_order":0,"comment_status":"closed","ping_status":"closed","template":"","meta":{"footnotes":""},"_links":{"self":[{"href":"https:\/\/seacare.com\/pl\/wp-json\/wp\/v2\/pages\/39100"}],"collection":[{"href":"https:\/\/seacare.com\/pl\/wp-json\/wp\/v2\/pages"}],"about":[{"href":"https:\/\/seacare.com\/pl\/wp-json\/wp\/v2\/types\/page"}],"author":[{"embeddable":true,"href":"https:\/\/seacare.com\/pl\/wp-json\/wp\/v2\/users\/1"}],"replies":[{"embeddable":true,"href":"https:\/\/seacare.com\/pl\/wp-json\/wp\/v2\/comments?post=39100"}],"version-history":[{"count":1,"href":"https:\/\/seacare.com\/pl\/wp-json\/wp\/v2\/pages\/39100\/revisions"}],"predecessor-version":[{"id":39101,"href":"https:\/\/seacare.com\/pl\/wp-json\/wp\/v2\/pages\/39100\/revisions\/39101"}],"wp:attachment":[{"href":"https:\/\/seacare.com\/pl\/wp-json\/wp\/v2\/media?parent=39100"}],"curies":[{"name":"wp","href":"https:\/\/api.w.org\/{rel}","templated":true}]}}