{"id":39102,"date":"2021-05-28T14:56:41","date_gmt":"2021-05-28T11:56:41","guid":{"rendered":"https:\/\/seacare.com\/pl\/?page_id=39102"},"modified":"2021-06-03T13:32:30","modified_gmt":"2021-06-03T10:32:30","slug":"aquaxyl","status":"publish","type":"page","link":"https:\/\/seacare.com\/pl\/aquaxyl\/","title":{"rendered":"Aquaxyl\u2122"},"content":{"rendered":"<h1 class=\"text-head\" style=\"text-align: center;\"><span data-text-color=\"primary\">Aquaxyl\u2122<\/span><\/h1>\n<p>Aquaxyl \u2122 oferuje nawil\u017canie 3D w celu kr\u0105\u017cenia wilgoci we wszystkich warstwach sk\u00f3ry i zwi\u0119kszenie poziomu kwasu hialuronowego. Bariera sk\u00f3rna jest wzmocniona w ci\u0105gu 24 godzin, ograniczaj\u0105c utrat\u0119 wilgoci. Rezultatem jest mi\u0119kka i g\u0142adka sk\u00f3ra po 28 dniach z normalnym nask\u00f3rkiem i wyg\u0142adzaniem ma\u0142ych zmarszczek.<\/p>\n","protected":false},"excerpt":{"rendered":"<p>Aquaxyl\u2122 Aquaxyl \u2122 oferuje nawil\u017canie 3D w celu kr\u0105\u017cenia wilgoci we wszystkich warstwach sk\u00f3ry i zwi\u0119kszenie poziomu kwasu hialuronowego. Bariera sk\u00f3rna jest wzmocniona w ci\u0105gu 24 godzin, ograniczaj\u0105c utrat\u0119 wilgoci. Rezultatem jest mi\u0119kka i g\u0142adka sk\u00f3ra po 28 dniach z normalnym nask\u00f3rkiem i wyg\u0142adzaniem ma\u0142ych zmarszczek.<\/p>\n","protected":false},"author":1,"featured_media":0,"parent":0,"menu_order":0,"comment_status":"closed","ping_status":"closed","template":"","meta":{"footnotes":""},"_links":{"self":[{"href":"https:\/\/seacare.com\/pl\/wp-json\/wp\/v2\/pages\/39102"}],"collection":[{"href":"https:\/\/seacare.com\/pl\/wp-json\/wp\/v2\/pages"}],"about":[{"href":"https:\/\/seacare.com\/pl\/wp-json\/wp\/v2\/types\/page"}],"author":[{"embeddable":true,"href":"https:\/\/seacare.com\/pl\/wp-json\/wp\/v2\/users\/1"}],"replies":[{"embeddable":true,"href":"https:\/\/seacare.com\/pl\/wp-json\/wp\/v2\/comments?post=39102"}],"version-history":[{"count":1,"href":"https:\/\/seacare.com\/pl\/wp-json\/wp\/v2\/pages\/39102\/revisions"}],"predecessor-version":[{"id":39103,"href":"https:\/\/seacare.com\/pl\/wp-json\/wp\/v2\/pages\/39102\/revisions\/39103"}],"wp:attachment":[{"href":"https:\/\/seacare.com\/pl\/wp-json\/wp\/v2\/media?parent=39102"}],"curies":[{"name":"wp","href":"https:\/\/api.w.org\/{rel}","templated":true}]}}