{"id":39104,"date":"2021-05-28T14:57:22","date_gmt":"2021-05-28T11:57:22","guid":{"rendered":"https:\/\/seacare.com\/pl\/?page_id=39104"},"modified":"2021-06-03T13:32:38","modified_gmt":"2021-06-03T10:32:38","slug":"duraquench-iq","status":"publish","type":"page","link":"https:\/\/seacare.com\/pl\/duraquench-iq\/","title":{"rendered":"DuraQuench\u2122 IQ"},"content":{"rendered":"<h1 class=\"text-head\" style=\"text-align: center;\"><span data-text-color=\"primary\">DuraQuench\u2122 IQ <\/span><\/h1>\n<p>DuraQuench \u2122 IQ jest skutecznym kompleksem nawil\u017caj\u0105cym, kt\u00f3ry wykorzystuje podw\u00f3jny mechanizm tworzenia inteligentnej warstwy strukturalnej na powierzchni sk\u00f3ry, podczas regulacji utraty wilgoci od wewn\u0105trz, wzmacniaj\u0105c naturaln\u0105 barier\u0119 sk\u00f3ry. Zapewnia d\u0142ugotrwa\u0142y nawil\u017cenie i mi\u0119kk\u0105 sk\u00f3r\u0119.<\/p>\n","protected":false},"excerpt":{"rendered":"<p>DuraQuench\u2122 IQ DuraQuench \u2122 IQ jest skutecznym kompleksem nawil\u017caj\u0105cym, kt\u00f3ry wykorzystuje podw\u00f3jny mechanizm tworzenia inteligentnej warstwy strukturalnej na powierzchni sk\u00f3ry, podczas regulacji utraty wilgoci od wewn\u0105trz, wzmacniaj\u0105c naturaln\u0105 barier\u0119 sk\u00f3ry. Zapewnia d\u0142ugotrwa\u0142y nawil\u017cenie i mi\u0119kk\u0105 sk\u00f3r\u0119.<\/p>\n","protected":false},"author":1,"featured_media":0,"parent":0,"menu_order":0,"comment_status":"closed","ping_status":"closed","template":"","meta":{"footnotes":""},"_links":{"self":[{"href":"https:\/\/seacare.com\/pl\/wp-json\/wp\/v2\/pages\/39104"}],"collection":[{"href":"https:\/\/seacare.com\/pl\/wp-json\/wp\/v2\/pages"}],"about":[{"href":"https:\/\/seacare.com\/pl\/wp-json\/wp\/v2\/types\/page"}],"author":[{"embeddable":true,"href":"https:\/\/seacare.com\/pl\/wp-json\/wp\/v2\/users\/1"}],"replies":[{"embeddable":true,"href":"https:\/\/seacare.com\/pl\/wp-json\/wp\/v2\/comments?post=39104"}],"version-history":[{"count":1,"href":"https:\/\/seacare.com\/pl\/wp-json\/wp\/v2\/pages\/39104\/revisions"}],"predecessor-version":[{"id":39105,"href":"https:\/\/seacare.com\/pl\/wp-json\/wp\/v2\/pages\/39104\/revisions\/39105"}],"wp:attachment":[{"href":"https:\/\/seacare.com\/pl\/wp-json\/wp\/v2\/media?parent=39104"}],"curies":[{"name":"wp","href":"https:\/\/api.w.org\/{rel}","templated":true}]}}