{"id":39106,"date":"2021-05-28T14:58:18","date_gmt":"2021-05-28T11:58:18","guid":{"rendered":"https:\/\/seacare.com\/pl\/?page_id=39106"},"modified":"2021-06-03T13:32:35","modified_gmt":"2021-06-03T10:32:35","slug":"dermosoft-gmcy","status":"publish","type":"page","link":"https:\/\/seacare.com\/pl\/dermosoft-gmcy\/","title":{"rendered":"Dermosoft\u00ae GMCY"},"content":{"rendered":"<h1 class=\"text-head\" style=\"text-align: center;\"><span data-text-color=\"primary\">Dermosoft\u00ae GMCY<\/span><\/h1>\n<p>Dermosoft\u00ae GMCY ma w\u0142a\u015bciwo\u015bci nawil\u017caj\u0105ce i przywracaj\u0105ce. Promuje popraw\u0119 i utrzymanie wilgotno\u015bci i r\u00f3wnowagi sk\u00f3ry. Ponadto ze wzgl\u0119du na siln\u0105 aktywno\u015b\u0107 przeciwko tr\u0105dzikowym propionibakteriom, Dermoft GMCY pomaga zwalcza\u0107 zanieczyszczenie sk\u00f3ry.<\/p>\n","protected":false},"excerpt":{"rendered":"<p>Dermosoft\u00ae GMCY Dermosoft\u00ae GMCY ma w\u0142a\u015bciwo\u015bci nawil\u017caj\u0105ce i przywracaj\u0105ce. Promuje popraw\u0119 i utrzymanie wilgotno\u015bci i r\u00f3wnowagi sk\u00f3ry. Ponadto ze wzgl\u0119du na siln\u0105 aktywno\u015b\u0107 przeciwko tr\u0105dzikowym propionibakteriom, Dermoft GMCY pomaga zwalcza\u0107 zanieczyszczenie sk\u00f3ry.<\/p>\n","protected":false},"author":1,"featured_media":0,"parent":0,"menu_order":0,"comment_status":"closed","ping_status":"closed","template":"","meta":{"footnotes":""},"_links":{"self":[{"href":"https:\/\/seacare.com\/pl\/wp-json\/wp\/v2\/pages\/39106"}],"collection":[{"href":"https:\/\/seacare.com\/pl\/wp-json\/wp\/v2\/pages"}],"about":[{"href":"https:\/\/seacare.com\/pl\/wp-json\/wp\/v2\/types\/page"}],"author":[{"embeddable":true,"href":"https:\/\/seacare.com\/pl\/wp-json\/wp\/v2\/users\/1"}],"replies":[{"embeddable":true,"href":"https:\/\/seacare.com\/pl\/wp-json\/wp\/v2\/comments?post=39106"}],"version-history":[{"count":1,"href":"https:\/\/seacare.com\/pl\/wp-json\/wp\/v2\/pages\/39106\/revisions"}],"predecessor-version":[{"id":39107,"href":"https:\/\/seacare.com\/pl\/wp-json\/wp\/v2\/pages\/39106\/revisions\/39107"}],"wp:attachment":[{"href":"https:\/\/seacare.com\/pl\/wp-json\/wp\/v2\/media?parent=39106"}],"curies":[{"name":"wp","href":"https:\/\/api.w.org\/{rel}","templated":true}]}}