{"id":39108,"date":"2021-05-28T14:58:47","date_gmt":"2021-05-28T11:58:47","guid":{"rendered":"https:\/\/seacare.com\/pl\/?page_id=39108"},"modified":"2021-06-03T13:32:37","modified_gmt":"2021-06-03T10:32:37","slug":"dermosoft-omp","status":"publish","type":"page","link":"https:\/\/seacare.com\/pl\/dermosoft-omp\/","title":{"rendered":"Dermosoft\u00ae OMP"},"content":{"rendered":"<h1 class=\"text-head\" style=\"text-align: center;\"><span data-text-color=\"primary\">Dermosoft\u00ae OMP<\/span><\/h1>\n<p>Dermosoft\u00ae OMP jest wielofunkcyjnym sk\u0142adnikiem kosmetycznym o silnej aktywno\u015bci przeciwdrobnoustrojowej, z w\u0142a\u015bciwo\u015bciami nawil\u017caj\u0105cymi i przywracaj\u0105cymi. Dermosoft OMP wykonany jest z mieszaniny sk\u0142adnik\u00f3w, kt\u00f3re pomagaj\u0105 utrzyma\u0107 wilgo\u0107 sk\u00f3ry i s\u0105 w stanie obr\u00f3ci\u0107 wi\u0119kszo\u015b\u0107 kompozycji kosmetycznych w produktach samozapieraj\u0105cych.<\/p>\n","protected":false},"excerpt":{"rendered":"<p>Dermosoft\u00ae OMP Dermosoft\u00ae OMP jest wielofunkcyjnym sk\u0142adnikiem kosmetycznym o silnej aktywno\u015bci przeciwdrobnoustrojowej, z w\u0142a\u015bciwo\u015bciami nawil\u017caj\u0105cymi i przywracaj\u0105cymi. Dermosoft OMP wykonany jest z mieszaniny sk\u0142adnik\u00f3w, kt\u00f3re pomagaj\u0105 utrzyma\u0107 wilgo\u0107 sk\u00f3ry i s\u0105 w stanie obr\u00f3ci\u0107 wi\u0119kszo\u015b\u0107 kompozycji kosmetycznych w produktach samozapieraj\u0105cych.<\/p>\n","protected":false},"author":1,"featured_media":0,"parent":0,"menu_order":0,"comment_status":"closed","ping_status":"closed","template":"","meta":{"footnotes":""},"_links":{"self":[{"href":"https:\/\/seacare.com\/pl\/wp-json\/wp\/v2\/pages\/39108"}],"collection":[{"href":"https:\/\/seacare.com\/pl\/wp-json\/wp\/v2\/pages"}],"about":[{"href":"https:\/\/seacare.com\/pl\/wp-json\/wp\/v2\/types\/page"}],"author":[{"embeddable":true,"href":"https:\/\/seacare.com\/pl\/wp-json\/wp\/v2\/users\/1"}],"replies":[{"embeddable":true,"href":"https:\/\/seacare.com\/pl\/wp-json\/wp\/v2\/comments?post=39108"}],"version-history":[{"count":1,"href":"https:\/\/seacare.com\/pl\/wp-json\/wp\/v2\/pages\/39108\/revisions"}],"predecessor-version":[{"id":39109,"href":"https:\/\/seacare.com\/pl\/wp-json\/wp\/v2\/pages\/39108\/revisions\/39109"}],"wp:attachment":[{"href":"https:\/\/seacare.com\/pl\/wp-json\/wp\/v2\/media?parent=39108"}],"curies":[{"name":"wp","href":"https:\/\/api.w.org\/{rel}","templated":true}]}}