{"id":39110,"date":"2021-05-28T14:59:22","date_gmt":"2021-05-28T11:59:22","guid":{"rendered":"https:\/\/seacare.com\/pl\/?page_id=39110"},"modified":"2021-06-03T13:32:29","modified_gmt":"2021-06-03T10:32:29","slug":"amisoft-cs-22","status":"publish","type":"page","link":"https:\/\/seacare.com\/pl\/amisoft-cs-22\/","title":{"rendered":"Amisoft \u00ae CS-22"},"content":{"rendered":"<h1 class=\"text-head\" style=\"text-align: center;\"><span data-text-color=\"primary\">Amisoft \u00ae CS-22<\/span><\/h1>\n<p>Amisoft \u00ae CS-22 jest aktywnym naturalnym sk\u0142adnikiem utworzonym z kwasu aminokwasowego, kwasu L-glutaminowego i kwas\u00f3w t\u0142uszczowych kokosowych. Amisoft \u00ae CS-22 ma doskona\u0142y efekt od\u017cywczy na sk\u00f3rze, pozostawiaj\u0105c uczucie wilgoci bez rozci\u0105gania, ma r\u00f3wnie\u017c podobny wp\u0142yw na w\u0142osy, tworz\u0105c w\u0142osy jedwabistymi, mi\u0119kkimi i g\u0142adkimi.<\/p>\n","protected":false},"excerpt":{"rendered":"<p>Amisoft \u00ae CS-22 Amisoft \u00ae CS-22 jest aktywnym naturalnym sk\u0142adnikiem utworzonym z kwasu aminokwasowego, kwasu L-glutaminowego i kwas\u00f3w t\u0142uszczowych kokosowych. Amisoft \u00ae CS-22 ma doskona\u0142y efekt od\u017cywczy na sk\u00f3rze, pozostawiaj\u0105c uczucie wilgoci bez rozci\u0105gania, ma r\u00f3wnie\u017c podobny wp\u0142yw na w\u0142osy, tworz\u0105c w\u0142osy jedwabistymi, mi\u0119kkimi i g\u0142adkimi.<\/p>\n","protected":false},"author":1,"featured_media":0,"parent":0,"menu_order":0,"comment_status":"closed","ping_status":"closed","template":"","meta":{"footnotes":""},"_links":{"self":[{"href":"https:\/\/seacare.com\/pl\/wp-json\/wp\/v2\/pages\/39110"}],"collection":[{"href":"https:\/\/seacare.com\/pl\/wp-json\/wp\/v2\/pages"}],"about":[{"href":"https:\/\/seacare.com\/pl\/wp-json\/wp\/v2\/types\/page"}],"author":[{"embeddable":true,"href":"https:\/\/seacare.com\/pl\/wp-json\/wp\/v2\/users\/1"}],"replies":[{"embeddable":true,"href":"https:\/\/seacare.com\/pl\/wp-json\/wp\/v2\/comments?post=39110"}],"version-history":[{"count":1,"href":"https:\/\/seacare.com\/pl\/wp-json\/wp\/v2\/pages\/39110\/revisions"}],"predecessor-version":[{"id":39111,"href":"https:\/\/seacare.com\/pl\/wp-json\/wp\/v2\/pages\/39110\/revisions\/39111"}],"wp:attachment":[{"href":"https:\/\/seacare.com\/pl\/wp-json\/wp\/v2\/media?parent=39110"}],"curies":[{"name":"wp","href":"https:\/\/api.w.org\/{rel}","templated":true}]}}