{"id":39112,"date":"2021-05-28T15:03:26","date_gmt":"2021-05-28T12:03:26","guid":{"rendered":"https:\/\/seacare.com\/pl\/?page_id=39112"},"modified":"2021-06-03T15:20:51","modified_gmt":"2021-06-03T12:20:51","slug":"mineraly-morza-martwego","status":"publish","type":"page","link":"https:\/\/seacare.com\/pl\/mineraly-morza-martwego\/","title":{"rendered":"Minera\u0142y Morza Martwego"},"content":{"rendered":"<h1 style=\"text-align: center;\"><span data-text-color=\"primary\">Minera\u0142y Morza Martwego <\/span><\/h1>\n<p style=\"text-align: center;\">Morze Martwe zawiera ponad 20 minera\u0142\u00f3w, kt\u00f3re jak udowodnionono, poprawiaj\u0105 widok sk\u00f3ry i zachowuj\u0105 j\u0105 zdrow\u0105 i m\u0142od\u0105. Nawet ro\u015bliny rosn\u0105ce wzd\u0142u\u017c brzeg\u00f3w Morza Martwego maj\u0105 wysok\u0105 koncentracj\u0119 witamin, minera\u0142\u00f3w i olej\u00f3w uzdrawiaj\u0105cych, kt\u00f3re s\u0105 stosowane w dermatologii, kosmetykach i medycynie. G\u0142\u00f3wne minera\u0142y znalezione w Morzu Martwym s\u0105 wa\u017cne dla w\u0142a\u015bciwego funkcjonowania kom\u00f3rek sk\u00f3ry, co stanowi istotny wk\u0142ad w utrzymanie zdrowia i pi\u0119kna sk\u00f3ry.<\/p>\n    <div class=\"img has-hover x md-x lg-x y md-y lg-y\" id=\"image_1617658603\">\n                <div class=\"img-inner dark\" style=\"margin:-15px 0px 0px 0px;\">\n        <img loading=\"lazy\" decoding=\"async\" width=\"994\" height=\"145\" src=\"https:\/\/seacare.com\/wp-content\/uploads\/2020\/10\/\u041c\u0438\u043d\u0435\u0440\u0430\u043b\u044b.png\" class=\"attachment-large size-large\" alt=\"Minerals\" srcset=\"https:\/\/seacare.com\/wp-content\/uploads\/2020\/10\/\u041c\u0438\u043d\u0435\u0440\u0430\u043b\u044b.png 994w, https:\/\/seacare.com\/wp-content\/uploads\/2020\/10\/\u041c\u0438\u043d\u0435\u0440\u0430\u043b\u044b-800x117.png 800w, https:\/\/seacare.com\/wp-content\/uploads\/2020\/10\/\u041c\u0438\u043d\u0435\u0440\u0430\u043b\u044b-768x112.png 768w\" sizes=\"(max-width: 994px) 100vw, 994px\" \/>                \n            <\/div>\n                   \n<style scope=\"scope\">\n\n<\/style>\n    <\/div>\n    \n<div class=\"row\"  id=\"row-1708662894\">\n<div class=\"col medium-6 small-12 large-6\"  ><div class=\"col-inner\" style=\"padding:6px 0px 0px 0px;\" >\n<p><strong>Magnez<\/strong> &#8211; minera\u0142 leczniczy, kt\u00f3ry pomaga gojeniu tkanek sk\u00f3ry, dzia\u0142a jako antyalergen, poprawia metabolizm kom\u00f3rek, stymuluje syntez\u0119 bia\u0142ek i produkcj\u0119 energii.<\/p>\n<p><strong>Jod<\/strong> &#8211; przyczynia si\u0119 do prawid\u0142owego funkcjonowania gruczo\u0142u tarczycy i poprawia wymian\u0119 metaboliczn\u0105 w kom\u00f3rkach sk\u00f3ry.<\/p>\n<p><strong>Siarka<\/strong> &#8211; jest znanym minera\u0142em leczniczym. Zawiera niezb\u0119dne witaminy i jest naturalnym \u015brodkiem dezynfekuj\u0105cym i antybakteryjnym, co sprawia, \u017ce \u200b\u200bjest skuteczny przeciwko tr\u0105dzikowi. Ponadto udowodniono, \u017ce siarka u\u0142atwia objawy chor\u00f3b sk\u00f3ry, takich jak \u0142uszczyca i wyprysk.<\/p>\n<p><strong>Potas<\/strong> &#8211; jest kluczowym regulatorem wilgotno\u015bci i pomaga utrzyma\u0107 neutralne \u015brodowisko sk\u00f3ry. Znaki niedoboru potasu obejmuj\u0105 such\u0105 sk\u00f3r\u0119 i tr\u0105dzik, a tak\u017ce b\u0142yski \u0142uszczycy.<\/p>\n<p><strong>Wap\u0144<\/strong> &#8211; jest blokiem budynku do tkanki \u0142\u0105cznej pod powierzchni\u0105 sk\u00f3ry i odgrywa wa\u017cn\u0105 rol\u0119 w ochronie kom\u00f3rek sk\u00f3ry. Wap\u0144 reguluje przepuszczalno\u015b\u0107 b\u0142on kom\u00f3rkowych (wch\u0142anianie i wytwarzanie t\u0142uszczu) i normalizuje r\u00f3\u017cnicowanie kom\u00f3rek sk\u00f3ry.<\/p>\n<p><strong>Sodium<\/strong> \u2013 minera\u0142 Morza Martwego, kt\u00f3ry poprawia metabolizm w kom\u00f3rkach sk\u00f3ry. Sodium usuwa skurcze mi\u0119\u015bni i sztywno\u015b\u0107, a tak\u017ce zachowuje neutraln\u0105 po\u017cywk\u0119 w kom\u00f3rkach sk\u00f3ry.<\/p>\n<\/div><\/div>\n<div class=\"col hide-for-small medium-6 small-12 large-6\"  ><div class=\"col-inner\" style=\"margin:6px 0px 0px 0px;\" >\n<p><strong>Cynk<\/strong> &#8211; minera\u0142 wa\u017cny dla naturalnej regulacji wzrostu i regeneracji kom\u00f3rek, poprawia przed\u0142u\u017cenie kom\u00f3rek i stymuluje syntez\u0119 kolagenu i elastyny \u200b\u200b(aktualizuje sk\u00f3r\u0119). Doskona\u0142y antyoksydant. Cynk poprawia regulacj\u0119 sebral (w\u0142a\u015bciwo\u015bci przeciws\u0142oneczne), w\u0142a\u015bciwo\u015bci przeciwzapalne i jest naturaln\u0105 blokad\u0105 promieni ultrafioletowych.<\/p>\n<p><strong>Strontium<\/strong> &#8211; jest skuteczny przeciwko sw\u0119dzeniu, zmniejsza oznaki kontaktowego zapalenia sk\u00f3ry (og\u00f3lny problem dla os\u00f3b o wra\u017cliwej sk\u00f3rze, kt\u00f3re regularnie korzystaj\u0105 z kosmetyk\u00f3w).<\/p>\n<p><strong>Brom<\/strong> &#8211; ma koj\u0105ce dzia\u0142anie przeciwzapalne, rozlu\u017ania mi\u0119\u015bnie i \u0142agodzi nerwy sk\u00f3ry.<\/p>\n<p><strong>Mangan<\/strong> &#8211; dobrze znany z jego w\u0142a\u015bciwo\u015bci przeciwutleniaj\u0105cych. Mangan zwi\u0119ksza mikrokr\u0105\u017cenie sk\u00f3ry (ma efekt odm\u0142adzaj\u0105cy) i poprawia stan tkanki \u0142\u0105cznej.<\/p>\n<p><strong>Lit<\/strong> &#8211; minera\u0142 Morza Martwego, zwi\u0119kszaj\u0105cy wydajno\u015b\u0107 k\u0105pieli solnej w leczeniu \u0142uszczycy.<\/p>\n<p><strong>Bor<\/strong> &#8211; minera\u0142 pomagaj\u0105cy z\u0142agodzi\u0107 objawy \u0142uszczycy i \u0142uszczycowego zapalenia staw\u00f3w.<\/p>\n<\/div><\/div>\n<div class=\"col show-for-small medium-6 small-12 large-6\"  ><div class=\"col-inner\" style=\"margin:-36px 0px 0px 0px;\" >\n<p><strong>Cynk<\/strong> &#8211; minera\u0142 wa\u017cny dla naturalnej regulacji wzrostu i regeneracji kom\u00f3rek, poprawia przed\u0142u\u017cenie kom\u00f3rek i stymuluje syntez\u0119 kolagenu i elastyny \u200b\u200b(aktualizuje sk\u00f3r\u0119). Doskona\u0142y antyoksydant. Cynk poprawia regulacj\u0119 sebral (w\u0142a\u015bciwo\u015bci przeciws\u0142oneczne), w\u0142a\u015bciwo\u015bci przeciwzapalne i jest naturaln\u0105 blokad\u0105 promieni ultrafioletowych.<\/p>\n<p><strong>Strontium<\/strong> &#8211; jest skuteczny przeciwko sw\u0119dzeniu, zmniejsza oznaki kontaktowego zapalenia sk\u00f3ry (og\u00f3lny problem dla os\u00f3b o wra\u017cliwej sk\u00f3rze, kt\u00f3re regularnie korzystaj\u0105 z kosmetyk\u00f3w).<\/p>\n<p><strong>Brom<\/strong> &#8211; ma koj\u0105ce dzia\u0142anie przeciwzapalne, rozlu\u017ania mi\u0119\u015bnie i \u0142agodzi nerwy sk\u00f3ry.<\/p>\n<p><strong>Mangan<\/strong> &#8211; dobrze znany z jego w\u0142a\u015bciwo\u015bci przeciwutleniaj\u0105cych. Mangan zwi\u0119ksza mikrokr\u0105\u017cenie sk\u00f3ry (ma efekt odm\u0142adzaj\u0105cy) i poprawia stan tkanki \u0142\u0105cznej.<\/p>\n<p><strong>Lit<\/strong> &#8211; minera\u0142 Morza Martwego, zwi\u0119kszaj\u0105cy wydajno\u015b\u0107 k\u0105pieli solnej w leczeniu \u0142uszczycy.<\/p>\n<p><strong>Bor<\/strong> &#8211; minera\u0142 pomagaj\u0105cy z\u0142agodzi\u0107 objawy \u0142uszczycy i \u0142uszczycowego zapalenia staw\u00f3w.<\/p>\n<\/div><\/div>\n<\/div>\n    <div class=\"img has-hover x md-x lg-x y md-y lg-y\" id=\"image_567589971\">\n                <div class=\"img-inner dark\" >\n        <img loading=\"lazy\" decoding=\"async\" width=\"1020\" height=\"95\" src=\"https:\/\/seacare.com\/wp-content\/uploads\/2020\/10\/\u041b\u043e\u0433\u043e\u0442\u0438\u043f-\u0434\u043b\u044f-\u0421\u0430\u0438\u0306\u0442\u0430-SeaCare-\u043a\u043e\u043f\u0438\u044f-1400x130.png\" class=\"attachment-large size-large\" alt=\"Logo for the SeaCare Website\" srcset=\"https:\/\/seacare.com\/wp-content\/uploads\/2020\/10\/\u041b\u043e\u0433\u043e\u0442\u0438\u043f-\u0434\u043b\u044f-\u0421\u0430\u0438\u0306\u0442\u0430-SeaCare-\u043a\u043e\u043f\u0438\u044f-1400x130.png 1400w, https:\/\/seacare.com\/wp-content\/uploads\/2020\/10\/\u041b\u043e\u0433\u043e\u0442\u0438\u043f-\u0434\u043b\u044f-\u0421\u0430\u0438\u0306\u0442\u0430-SeaCare-\u043a\u043e\u043f\u0438\u044f-800x74.png 800w, https:\/\/seacare.com\/wp-content\/uploads\/2020\/10\/\u041b\u043e\u0433\u043e\u0442\u0438\u043f-\u0434\u043b\u044f-\u0421\u0430\u0438\u0306\u0442\u0430-SeaCare-\u043a\u043e\u043f\u0438\u044f-768x71.png 768w\" sizes=\"(max-width: 1020px) 100vw, 1020px\" \/>                \n            <\/div>\n                   \n<style scope=\"scope\">\n\n<\/style>\n    <\/div>\n    \n    <div class=\"img has-hover x md-x lg-x y md-y lg-y\" id=\"image_1459799995\">\n                <div class=\"img-inner dark\" >\n                        \n            <\/div>\n                   \n<style scope=\"scope\">\n\n<\/style>\n    <\/div>\n    \n","protected":false},"excerpt":{"rendered":"<p>Minera\u0142y Morza Martwego Morze Martwe zawiera ponad 20 minera\u0142\u00f3w, kt\u00f3re jak udowodnionono, poprawiaj\u0105 widok sk\u00f3ry i zachowuj\u0105 j\u0105 zdrow\u0105 i m\u0142od\u0105. Nawet ro\u015bliny rosn\u0105ce wzd\u0142u\u017c brzeg\u00f3w Morza Martwego maj\u0105 wysok\u0105 koncentracj\u0119 witamin, minera\u0142\u00f3w i olej\u00f3w uzdrawiaj\u0105cych, kt\u00f3re s\u0105 stosowane w dermatologii, kosmetykach i medycynie. G\u0142\u00f3wne minera\u0142y znalezione w Morzu Martwym s\u0105 wa\u017cne dla w\u0142a\u015bciwego funkcjonowania [&hellip;]\n","protected":false},"author":1,"featured_media":0,"parent":0,"menu_order":0,"comment_status":"closed","ping_status":"closed","template":"","meta":{"footnotes":""},"_links":{"self":[{"href":"https:\/\/seacare.com\/pl\/wp-json\/wp\/v2\/pages\/39112"}],"collection":[{"href":"https:\/\/seacare.com\/pl\/wp-json\/wp\/v2\/pages"}],"about":[{"href":"https:\/\/seacare.com\/pl\/wp-json\/wp\/v2\/types\/page"}],"author":[{"embeddable":true,"href":"https:\/\/seacare.com\/pl\/wp-json\/wp\/v2\/users\/1"}],"replies":[{"embeddable":true,"href":"https:\/\/seacare.com\/pl\/wp-json\/wp\/v2\/comments?post=39112"}],"version-history":[{"count":3,"href":"https:\/\/seacare.com\/pl\/wp-json\/wp\/v2\/pages\/39112\/revisions"}],"predecessor-version":[{"id":41537,"href":"https:\/\/seacare.com\/pl\/wp-json\/wp\/v2\/pages\/39112\/revisions\/41537"}],"wp:attachment":[{"href":"https:\/\/seacare.com\/pl\/wp-json\/wp\/v2\/media?parent=39112"}],"curies":[{"name":"wp","href":"https:\/\/api.w.org\/{rel}","templated":true}]}}