{"id":39115,"date":"2021-05-28T15:08:37","date_gmt":"2021-05-28T12:08:37","guid":{"rendered":"https:\/\/seacare.com\/pl\/?page_id=39115"},"modified":"2021-06-03T13:34:23","modified_gmt":"2021-06-03T10:34:23","slug":"sol-morza-martwego","status":"publish","type":"page","link":"https:\/\/seacare.com\/pl\/sol-morza-martwego\/","title":{"rendered":"S\u00f3l Morza Martwego"},"content":{"rendered":"<h1 class=\"text-head\" style=\"text-align: center;\"><span data-text-color=\"primary\">S\u00f3l Morza Martwego<\/span><\/h1>\n<p>S\u00f3l Morza Martwego jest nasycona niezb\u0119dnymi minera\u0142ami, s\u00f3l Morza Martwego mo\u017ce by\u0107 dok\u0142adnie tym, czego potrzebujemy do naszego og\u00f3lnego zdrowia i dobrego samopoczucia. S\u00f3l Morza Martwego zawiera r\u00f3\u017cne minera\u0142y, w tym potas, wap\u0144, magnez, s\u00f3d i \u015blady siarki, kt\u00f3re odgrywaj\u0105 wa\u017cn\u0105 rol\u0119 w naszym og\u00f3lnym zdrowiu. Zawarto\u015b\u0107 siarki jest idealna do czyszczenia powierzchni sk\u00f3ry ze wzgl\u0119du na jej w\u0142a\u015bciwo\u015bci antybakteryjne.<\/p>\n","protected":false},"excerpt":{"rendered":"<p>S\u00f3l Morza Martwego S\u00f3l Morza Martwego jest nasycona niezb\u0119dnymi minera\u0142ami, s\u00f3l Morza Martwego mo\u017ce by\u0107 dok\u0142adnie tym, czego potrzebujemy do naszego og\u00f3lnego zdrowia i dobrego samopoczucia. S\u00f3l Morza Martwego zawiera r\u00f3\u017cne minera\u0142y, w tym potas, wap\u0144, magnez, s\u00f3d i \u015blady siarki, kt\u00f3re odgrywaj\u0105 wa\u017cn\u0105 rol\u0119 w naszym og\u00f3lnym zdrowiu. Zawarto\u015b\u0107 siarki jest idealna do czyszczenia [&hellip;]\n","protected":false},"author":1,"featured_media":0,"parent":0,"menu_order":0,"comment_status":"closed","ping_status":"closed","template":"","meta":{"footnotes":""},"_links":{"self":[{"href":"https:\/\/seacare.com\/pl\/wp-json\/wp\/v2\/pages\/39115"}],"collection":[{"href":"https:\/\/seacare.com\/pl\/wp-json\/wp\/v2\/pages"}],"about":[{"href":"https:\/\/seacare.com\/pl\/wp-json\/wp\/v2\/types\/page"}],"author":[{"embeddable":true,"href":"https:\/\/seacare.com\/pl\/wp-json\/wp\/v2\/users\/1"}],"replies":[{"embeddable":true,"href":"https:\/\/seacare.com\/pl\/wp-json\/wp\/v2\/comments?post=39115"}],"version-history":[{"count":1,"href":"https:\/\/seacare.com\/pl\/wp-json\/wp\/v2\/pages\/39115\/revisions"}],"predecessor-version":[{"id":39116,"href":"https:\/\/seacare.com\/pl\/wp-json\/wp\/v2\/pages\/39115\/revisions\/39116"}],"wp:attachment":[{"href":"https:\/\/seacare.com\/pl\/wp-json\/wp\/v2\/media?parent=39115"}],"curies":[{"name":"wp","href":"https:\/\/api.w.org\/{rel}","templated":true}]}}