{"id":39117,"date":"2021-05-28T15:10:45","date_gmt":"2021-05-28T12:10:45","guid":{"rendered":"https:\/\/seacare.com\/pl\/?page_id=39117"},"modified":"2021-06-03T13:32:34","modified_gmt":"2021-06-03T10:32:34","slug":"bloto-z-morza-martwego","status":"publish","type":"page","link":"https:\/\/seacare.com\/pl\/bloto-z-morza-martwego\/","title":{"rendered":"B\u0142oto z Morza Martwego"},"content":{"rendered":"<h1 class=\"text-head\" style=\"text-align: center;\"><span data-text-color=\"primary\">B\u0142oto z Morza Martwego<\/span><\/h1>\n<p>B\u0142oto z Morza Martwego jest stosowane do leczenia chor\u00f3b, takich jak \u0142uszczycy, zapalenie staw\u00f3w, tr\u0105dzik i przewlek\u0142y b\u00f3l plec\u00f3w. Wiele bada\u0144 potwierdza stwierdzenia, \u017ce b\u0142oto z Morza Martwego mo\u017ce z\u0142agodzi\u0107 b\u00f3l, zmniejszy\u0107 stan zapalny i wiele wi\u0119cej. B\u0142oto z Morza Martwego mo\u017ce by\u0107 u\u017cywane jako kompres.<\/p>\n","protected":false},"excerpt":{"rendered":"<p>B\u0142oto z Morza Martwego B\u0142oto z Morza Martwego jest stosowane do leczenia chor\u00f3b, takich jak \u0142uszczycy, zapalenie staw\u00f3w, tr\u0105dzik i przewlek\u0142y b\u00f3l plec\u00f3w. Wiele bada\u0144 potwierdza stwierdzenia, \u017ce b\u0142oto z Morza Martwego mo\u017ce z\u0142agodzi\u0107 b\u00f3l, zmniejszy\u0107 stan zapalny i wiele wi\u0119cej. B\u0142oto z Morza Martwego mo\u017ce by\u0107 u\u017cywane jako kompres.<\/p>\n","protected":false},"author":1,"featured_media":0,"parent":0,"menu_order":0,"comment_status":"closed","ping_status":"closed","template":"","meta":{"footnotes":""},"_links":{"self":[{"href":"https:\/\/seacare.com\/pl\/wp-json\/wp\/v2\/pages\/39117"}],"collection":[{"href":"https:\/\/seacare.com\/pl\/wp-json\/wp\/v2\/pages"}],"about":[{"href":"https:\/\/seacare.com\/pl\/wp-json\/wp\/v2\/types\/page"}],"author":[{"embeddable":true,"href":"https:\/\/seacare.com\/pl\/wp-json\/wp\/v2\/users\/1"}],"replies":[{"embeddable":true,"href":"https:\/\/seacare.com\/pl\/wp-json\/wp\/v2\/comments?post=39117"}],"version-history":[{"count":1,"href":"https:\/\/seacare.com\/pl\/wp-json\/wp\/v2\/pages\/39117\/revisions"}],"predecessor-version":[{"id":39118,"href":"https:\/\/seacare.com\/pl\/wp-json\/wp\/v2\/pages\/39117\/revisions\/39118"}],"wp:attachment":[{"href":"https:\/\/seacare.com\/pl\/wp-json\/wp\/v2\/media?parent=39117"}],"curies":[{"name":"wp","href":"https:\/\/api.w.org\/{rel}","templated":true}]}}