{"id":39119,"date":"2021-05-28T15:13:43","date_gmt":"2021-05-28T12:13:43","guid":{"rendered":"https:\/\/seacare.com\/pl\/?page_id=39119"},"modified":"2021-06-03T13:34:28","modified_gmt":"2021-06-03T10:34:28","slug":"zloto","status":"publish","type":"page","link":"https:\/\/seacare.com\/pl\/zloto\/","title":{"rendered":"Z\u0142oto"},"content":{"rendered":"<h1 class=\"text-head\" style=\"text-align: center;\"><span data-text-color=\"primary\">Z\u0142oto<\/span><\/h1>\n<p>Wykorzystanie z\u0142ota do piel\u0119gnacji sk\u00f3ry sta\u0142o si\u0119 dzisiaj popularne. Niemniej jednak stosowanie z\u0142ota w produktach do piel\u0119gnacji sk\u00f3ry by\u0142o bardzo dobrze znane i u\u017cywane przez Japo\u0144czyk\u00f3w, Rzymian i Egipcjan z wczesnego czasu. Z\u0142oto redukuje zmarszczki, cienkie linie, plamy. Stymuluje kom\u00f3rki sk\u00f3ry. Zapobiega przedwczesnemu starzeniu sk\u00f3ry.<\/p>\n","protected":false},"excerpt":{"rendered":"<p>Z\u0142oto Wykorzystanie z\u0142ota do piel\u0119gnacji sk\u00f3ry sta\u0142o si\u0119 dzisiaj popularne. Niemniej jednak stosowanie z\u0142ota w produktach do piel\u0119gnacji sk\u00f3ry by\u0142o bardzo dobrze znane i u\u017cywane przez Japo\u0144czyk\u00f3w, Rzymian i Egipcjan z wczesnego czasu. Z\u0142oto redukuje zmarszczki, cienkie linie, plamy. Stymuluje kom\u00f3rki sk\u00f3ry. Zapobiega przedwczesnemu starzeniu sk\u00f3ry.<\/p>\n","protected":false},"author":1,"featured_media":0,"parent":0,"menu_order":0,"comment_status":"closed","ping_status":"closed","template":"","meta":{"footnotes":""},"_links":{"self":[{"href":"https:\/\/seacare.com\/pl\/wp-json\/wp\/v2\/pages\/39119"}],"collection":[{"href":"https:\/\/seacare.com\/pl\/wp-json\/wp\/v2\/pages"}],"about":[{"href":"https:\/\/seacare.com\/pl\/wp-json\/wp\/v2\/types\/page"}],"author":[{"embeddable":true,"href":"https:\/\/seacare.com\/pl\/wp-json\/wp\/v2\/users\/1"}],"replies":[{"embeddable":true,"href":"https:\/\/seacare.com\/pl\/wp-json\/wp\/v2\/comments?post=39119"}],"version-history":[{"count":1,"href":"https:\/\/seacare.com\/pl\/wp-json\/wp\/v2\/pages\/39119\/revisions"}],"predecessor-version":[{"id":39120,"href":"https:\/\/seacare.com\/pl\/wp-json\/wp\/v2\/pages\/39119\/revisions\/39120"}],"wp:attachment":[{"href":"https:\/\/seacare.com\/pl\/wp-json\/wp\/v2\/media?parent=39119"}],"curies":[{"name":"wp","href":"https:\/\/api.w.org\/{rel}","templated":true}]}}