{"id":39121,"date":"2021-05-28T15:15:24","date_gmt":"2021-05-28T12:15:24","guid":{"rendered":"https:\/\/seacare.com\/pl\/?page_id=39121"},"modified":"2021-06-03T13:33:45","modified_gmt":"2021-06-03T10:33:45","slug":"olejek-arganowy","status":"publish","type":"page","link":"https:\/\/seacare.com\/pl\/olejek-arganowy\/","title":{"rendered":"Olejek arganowy"},"content":{"rendered":"<h1 class=\"text-head\" style=\"text-align: center;\"><span data-text-color=\"primary\">Olejek arganowy<\/span><\/h1>\n<p>Olejek arganowy jest najcz\u0119\u015bciej stosowany do nawil\u017cania i zmi\u0119kczania sk\u00f3ry. Dzi\u0119ki wysokiej zawarto\u015bci witaminy E i kwas\u00f3w t\u0142uszczowych, olejek arganowy jest idealnym produktem, do leczenia sk\u00f3ry w naturalny spos\u00f3b. Jest szybko wch\u0142aniany, nie powoduje przet\u0142uszczania sk\u00f3ry i nie podra\u017cnia j\u0105, co czyni go doskona\u0142ym naturalnym produktem do nawil\u017cania sk\u00f3ry.<\/p>\n","protected":false},"excerpt":{"rendered":"<p>Olejek arganowy Olejek arganowy jest najcz\u0119\u015bciej stosowany do nawil\u017cania i zmi\u0119kczania sk\u00f3ry. Dzi\u0119ki wysokiej zawarto\u015bci witaminy E i kwas\u00f3w t\u0142uszczowych, olejek arganowy jest idealnym produktem, do leczenia sk\u00f3ry w naturalny spos\u00f3b. Jest szybko wch\u0142aniany, nie powoduje przet\u0142uszczania sk\u00f3ry i nie podra\u017cnia j\u0105, co czyni go doskona\u0142ym naturalnym produktem do nawil\u017cania sk\u00f3ry.<\/p>\n","protected":false},"author":1,"featured_media":0,"parent":0,"menu_order":0,"comment_status":"closed","ping_status":"closed","template":"","meta":{"footnotes":""},"_links":{"self":[{"href":"https:\/\/seacare.com\/pl\/wp-json\/wp\/v2\/pages\/39121"}],"collection":[{"href":"https:\/\/seacare.com\/pl\/wp-json\/wp\/v2\/pages"}],"about":[{"href":"https:\/\/seacare.com\/pl\/wp-json\/wp\/v2\/types\/page"}],"author":[{"embeddable":true,"href":"https:\/\/seacare.com\/pl\/wp-json\/wp\/v2\/users\/1"}],"replies":[{"embeddable":true,"href":"https:\/\/seacare.com\/pl\/wp-json\/wp\/v2\/comments?post=39121"}],"version-history":[{"count":1,"href":"https:\/\/seacare.com\/pl\/wp-json\/wp\/v2\/pages\/39121\/revisions"}],"predecessor-version":[{"id":39122,"href":"https:\/\/seacare.com\/pl\/wp-json\/wp\/v2\/pages\/39121\/revisions\/39122"}],"wp:attachment":[{"href":"https:\/\/seacare.com\/pl\/wp-json\/wp\/v2\/media?parent=39121"}],"curies":[{"name":"wp","href":"https:\/\/api.w.org\/{rel}","templated":true}]}}