{"id":39123,"date":"2021-05-28T15:17:10","date_gmt":"2021-05-28T12:17:10","guid":{"rendered":"https:\/\/seacare.com\/pl\/?page_id=39123"},"modified":"2021-06-03T13:33:49","modified_gmt":"2021-06-03T10:33:49","slug":"olejek-inca-inchi","status":"publish","type":"page","link":"https:\/\/seacare.com\/pl\/olejek-inca-inchi\/","title":{"rendered":"Olejek Inca Inchi"},"content":{"rendered":"<h1 class=\"text-head\" style=\"text-align: center;\"><span data-text-color=\"primary\">Olejek Inca Inchi<\/span><\/h1>\n<p>Olejek Inca Inchi jest wyj\u0105tkowym ro\u015blinnym \u017ar\u00f3d\u0142em istotnych kwas\u00f3w t\u0142uszczowych, w tym linolenow\u0105 Omega-6 i Alpha Linolen Omega-3. Ludzkie cia\u0142o nie wytwarza tych kwas\u00f3w t\u0142uszczowych, jednak s\u0105 one obowi\u0105zkowe dla dobrego samopoczucia. Olejek Inca Inchi ma r\u00f3wnie\u017c wysok\u0105 zawarto\u015b\u0107 przeciwutleniaczy.<\/p>\n","protected":false},"excerpt":{"rendered":"<p>Olejek Inca Inchi Olejek Inca Inchi jest wyj\u0105tkowym ro\u015blinnym \u017ar\u00f3d\u0142em istotnych kwas\u00f3w t\u0142uszczowych, w tym linolenow\u0105 Omega-6 i Alpha Linolen Omega-3. Ludzkie cia\u0142o nie wytwarza tych kwas\u00f3w t\u0142uszczowych, jednak s\u0105 one obowi\u0105zkowe dla dobrego samopoczucia. Olejek Inca Inchi ma r\u00f3wnie\u017c wysok\u0105 zawarto\u015b\u0107 przeciwutleniaczy.<\/p>\n","protected":false},"author":1,"featured_media":0,"parent":0,"menu_order":0,"comment_status":"closed","ping_status":"closed","template":"","meta":{"footnotes":""},"_links":{"self":[{"href":"https:\/\/seacare.com\/pl\/wp-json\/wp\/v2\/pages\/39123"}],"collection":[{"href":"https:\/\/seacare.com\/pl\/wp-json\/wp\/v2\/pages"}],"about":[{"href":"https:\/\/seacare.com\/pl\/wp-json\/wp\/v2\/types\/page"}],"author":[{"embeddable":true,"href":"https:\/\/seacare.com\/pl\/wp-json\/wp\/v2\/users\/1"}],"replies":[{"embeddable":true,"href":"https:\/\/seacare.com\/pl\/wp-json\/wp\/v2\/comments?post=39123"}],"version-history":[{"count":1,"href":"https:\/\/seacare.com\/pl\/wp-json\/wp\/v2\/pages\/39123\/revisions"}],"predecessor-version":[{"id":39124,"href":"https:\/\/seacare.com\/pl\/wp-json\/wp\/v2\/pages\/39123\/revisions\/39124"}],"wp:attachment":[{"href":"https:\/\/seacare.com\/pl\/wp-json\/wp\/v2\/media?parent=39123"}],"curies":[{"name":"wp","href":"https:\/\/api.w.org\/{rel}","templated":true}]}}