{"id":39126,"date":"2021-05-28T15:19:56","date_gmt":"2021-05-28T12:19:56","guid":{"rendered":"https:\/\/seacare.com\/pl\/?page_id=39126"},"modified":"2021-06-03T13:32:27","modified_gmt":"2021-06-03T10:32:27","slug":"aloes","status":"publish","type":"page","link":"https:\/\/seacare.com\/pl\/aloes\/","title":{"rendered":"Aloes"},"content":{"rendered":"<h1 class=\"text-head\" style=\"text-align: center;\"><span data-text-color=\"primary\">Aloes<\/span><\/h1>\n<p>Aloes pomaga nawil\u017ca\u0107 i od\u017cywia\u0107 sk\u00f3r\u0119 cia\u0142a, przyczynia si\u0119 do jej gojenia, przywr\u00f3cenia i odm\u0142odzenia g\u00f3rnej warstwy nab\u0142onka. Tak\u017ce Aloes pomaga w walce z starzeniem si\u0119 sk\u00f3ry, utrat\u0105 elastyczno\u015bci i wilgoci i jest dobrym \u015brodkiem zapobiegawczym przed rozst\u0119pami i pomaga walczy\u0107 z nimi na wczesnym etapie.<\/p>\n","protected":false},"excerpt":{"rendered":"<p>Aloes Aloes pomaga nawil\u017ca\u0107 i od\u017cywia\u0107 sk\u00f3r\u0119 cia\u0142a, przyczynia si\u0119 do jej gojenia, przywr\u00f3cenia i odm\u0142odzenia g\u00f3rnej warstwy nab\u0142onka. Tak\u017ce Aloes pomaga w walce z starzeniem si\u0119 sk\u00f3ry, utrat\u0105 elastyczno\u015bci i wilgoci i jest dobrym \u015brodkiem zapobiegawczym przed rozst\u0119pami i pomaga walczy\u0107 z nimi na wczesnym etapie.<\/p>\n","protected":false},"author":1,"featured_media":0,"parent":0,"menu_order":0,"comment_status":"closed","ping_status":"closed","template":"","meta":{"footnotes":""},"_links":{"self":[{"href":"https:\/\/seacare.com\/pl\/wp-json\/wp\/v2\/pages\/39126"}],"collection":[{"href":"https:\/\/seacare.com\/pl\/wp-json\/wp\/v2\/pages"}],"about":[{"href":"https:\/\/seacare.com\/pl\/wp-json\/wp\/v2\/types\/page"}],"author":[{"embeddable":true,"href":"https:\/\/seacare.com\/pl\/wp-json\/wp\/v2\/users\/1"}],"replies":[{"embeddable":true,"href":"https:\/\/seacare.com\/pl\/wp-json\/wp\/v2\/comments?post=39126"}],"version-history":[{"count":1,"href":"https:\/\/seacare.com\/pl\/wp-json\/wp\/v2\/pages\/39126\/revisions"}],"predecessor-version":[{"id":39127,"href":"https:\/\/seacare.com\/pl\/wp-json\/wp\/v2\/pages\/39126\/revisions\/39127"}],"wp:attachment":[{"href":"https:\/\/seacare.com\/pl\/wp-json\/wp\/v2\/media?parent=39126"}],"curies":[{"name":"wp","href":"https:\/\/api.w.org\/{rel}","templated":true}]}}