{"id":39128,"date":"2021-05-28T15:22:41","date_gmt":"2021-05-28T12:22:41","guid":{"rendered":"https:\/\/seacare.com\/pl\/?page_id=39128"},"modified":"2021-06-03T13:34:01","modified_gmt":"2021-06-03T10:34:01","slug":"olejek-shea","status":"publish","type":"page","link":"https:\/\/seacare.com\/pl\/olejek-shea\/","title":{"rendered":"Olejek Shea"},"content":{"rendered":"<h1 class=\"text-head\" style=\"text-align: center;\"><span data-text-color=\"primary\">Olejek Shea<\/span><\/h1>\n<p>Olejek Shea jest wa\u017cny dla rozwi\u0105zywania takich problem\u00f3w ze sk\u00f3r\u0105 jak plamy, zmarszczki, egzema i zapalenie sk\u00f3ry. Olejek Shea ma r\u00f3wnie\u017c w\u0142a\u015bciwo\u015bci do leczenia alergii, ugryzie\u0144 owad\u00f3w, oparze\u0144, odmro\u017ce\u0144, a tak\u017ce wiele innych chor\u00f3b sk\u00f3ry. Zwi\u0119ksza mikrokr\u0105\u017cenie w sk\u00f3rze, co prowadzi do poprawy dop\u0142ywu krwi do sk\u00f3ry.<\/p>\n","protected":false},"excerpt":{"rendered":"<p>Olejek Shea Olejek Shea jest wa\u017cny dla rozwi\u0105zywania takich problem\u00f3w ze sk\u00f3r\u0105 jak plamy, zmarszczki, egzema i zapalenie sk\u00f3ry. Olejek Shea ma r\u00f3wnie\u017c w\u0142a\u015bciwo\u015bci do leczenia alergii, ugryzie\u0144 owad\u00f3w, oparze\u0144, odmro\u017ce\u0144, a tak\u017ce wiele innych chor\u00f3b sk\u00f3ry. Zwi\u0119ksza mikrokr\u0105\u017cenie w sk\u00f3rze, co prowadzi do poprawy dop\u0142ywu krwi do sk\u00f3ry.<\/p>\n","protected":false},"author":1,"featured_media":0,"parent":0,"menu_order":0,"comment_status":"closed","ping_status":"closed","template":"","meta":{"footnotes":""},"_links":{"self":[{"href":"https:\/\/seacare.com\/pl\/wp-json\/wp\/v2\/pages\/39128"}],"collection":[{"href":"https:\/\/seacare.com\/pl\/wp-json\/wp\/v2\/pages"}],"about":[{"href":"https:\/\/seacare.com\/pl\/wp-json\/wp\/v2\/types\/page"}],"author":[{"embeddable":true,"href":"https:\/\/seacare.com\/pl\/wp-json\/wp\/v2\/users\/1"}],"replies":[{"embeddable":true,"href":"https:\/\/seacare.com\/pl\/wp-json\/wp\/v2\/comments?post=39128"}],"version-history":[{"count":1,"href":"https:\/\/seacare.com\/pl\/wp-json\/wp\/v2\/pages\/39128\/revisions"}],"predecessor-version":[{"id":39129,"href":"https:\/\/seacare.com\/pl\/wp-json\/wp\/v2\/pages\/39128\/revisions\/39129"}],"wp:attachment":[{"href":"https:\/\/seacare.com\/pl\/wp-json\/wp\/v2\/media?parent=39128"}],"curies":[{"name":"wp","href":"https:\/\/api.w.org\/{rel}","templated":true}]}}