{"id":39130,"date":"2021-05-28T15:24:13","date_gmt":"2021-05-28T12:24:13","guid":{"rendered":"https:\/\/seacare.com\/pl\/?page_id=39130"},"modified":"2021-06-03T13:32:57","modified_gmt":"2021-06-03T10:32:57","slug":"gamamelis","status":"publish","type":"page","link":"https:\/\/seacare.com\/pl\/gamamelis\/","title":{"rendered":"Gamamelis"},"content":{"rendered":"<h1 class=\"text-head\" style=\"text-align: center;\"><span data-text-color=\"primary\">Gamamelis<\/span><\/h1>\n<p>Gamamelis chroni sk\u00f3r\u0119 przed zapaleniem spowodowanym przez wolne rodniki w kom\u00f3rkach sk\u00f3ry. Gamamelis jest uwa\u017cany za silny \u015brodek do uzdrowienia, pomaga kompaktowi bia\u0142ka sk\u00f3rne, kt\u00f3re nast\u0119pnie stanowi\u0105 skorup\u0119 ochronn\u0105, kt\u00f3ra z kolei przyczynia si\u0119 do przyspieszenia gojenia i przywracania sk\u00f3ry, odm\u0142adzaj\u0105c j\u0105.<\/p>\n","protected":false},"excerpt":{"rendered":"<p>Gamamelis Gamamelis chroni sk\u00f3r\u0119 przed zapaleniem spowodowanym przez wolne rodniki w kom\u00f3rkach sk\u00f3ry. Gamamelis jest uwa\u017cany za silny \u015brodek do uzdrowienia, pomaga kompaktowi bia\u0142ka sk\u00f3rne, kt\u00f3re nast\u0119pnie stanowi\u0105 skorup\u0119 ochronn\u0105, kt\u00f3ra z kolei przyczynia si\u0119 do przyspieszenia gojenia i przywracania sk\u00f3ry, odm\u0142adzaj\u0105c j\u0105.<\/p>\n","protected":false},"author":1,"featured_media":0,"parent":0,"menu_order":0,"comment_status":"closed","ping_status":"closed","template":"","meta":{"footnotes":""},"_links":{"self":[{"href":"https:\/\/seacare.com\/pl\/wp-json\/wp\/v2\/pages\/39130"}],"collection":[{"href":"https:\/\/seacare.com\/pl\/wp-json\/wp\/v2\/pages"}],"about":[{"href":"https:\/\/seacare.com\/pl\/wp-json\/wp\/v2\/types\/page"}],"author":[{"embeddable":true,"href":"https:\/\/seacare.com\/pl\/wp-json\/wp\/v2\/users\/1"}],"replies":[{"embeddable":true,"href":"https:\/\/seacare.com\/pl\/wp-json\/wp\/v2\/comments?post=39130"}],"version-history":[{"count":1,"href":"https:\/\/seacare.com\/pl\/wp-json\/wp\/v2\/pages\/39130\/revisions"}],"predecessor-version":[{"id":39131,"href":"https:\/\/seacare.com\/pl\/wp-json\/wp\/v2\/pages\/39130\/revisions\/39131"}],"wp:attachment":[{"href":"https:\/\/seacare.com\/pl\/wp-json\/wp\/v2\/media?parent=39130"}],"curies":[{"name":"wp","href":"https:\/\/api.w.org\/{rel}","templated":true}]}}