{"id":39132,"date":"2021-05-28T15:25:50","date_gmt":"2021-05-28T12:25:50","guid":{"rendered":"https:\/\/seacare.com\/pl\/?page_id=39132"},"modified":"2021-06-03T13:33:51","modified_gmt":"2021-06-03T10:33:51","slug":"olejek-jojoba","status":"publish","type":"page","link":"https:\/\/seacare.com\/pl\/olejek-jojoba\/","title":{"rendered":"Olejek jojoba"},"content":{"rendered":"<h1 class=\"text-head\" style=\"text-align: center;\"><span data-text-color=\"primary\">Olejek jojoba<\/span><\/h1>\n<p>Olejej jojoba sprawia, \u017ce sk\u00f3ra jest uj\u0119drniona i elastyczna, nawil\u017ca, i czyni j\u0105 mniej such\u0105. Pomaga od zmarszczek, w sk\u00f3rze spowalnia procesy starzenia si\u0119, ton sk\u00f3ry jest wyr\u00f3wnany. Pomaga w zwalczaniu cellulitu, wyr\u00f3wnuj\u0105c sk\u00f3r\u0119. Wzmacnia w\u0142osy, usuwaj\u0105c lepk\u0105 warstw\u0119, w\u0142osy staj\u0105 si\u0119 mi\u0119kkie i przyjemne do dotyku.<\/p>\n","protected":false},"excerpt":{"rendered":"<p>Olejek jojoba Olejej jojoba sprawia, \u017ce sk\u00f3ra jest uj\u0119drniona i elastyczna, nawil\u017ca, i czyni j\u0105 mniej such\u0105. Pomaga od zmarszczek, w sk\u00f3rze spowalnia procesy starzenia si\u0119, ton sk\u00f3ry jest wyr\u00f3wnany. Pomaga w zwalczaniu cellulitu, wyr\u00f3wnuj\u0105c sk\u00f3r\u0119. Wzmacnia w\u0142osy, usuwaj\u0105c lepk\u0105 warstw\u0119, w\u0142osy staj\u0105 si\u0119 mi\u0119kkie i przyjemne do dotyku.<\/p>\n","protected":false},"author":1,"featured_media":0,"parent":0,"menu_order":0,"comment_status":"closed","ping_status":"closed","template":"","meta":{"footnotes":""},"_links":{"self":[{"href":"https:\/\/seacare.com\/pl\/wp-json\/wp\/v2\/pages\/39132"}],"collection":[{"href":"https:\/\/seacare.com\/pl\/wp-json\/wp\/v2\/pages"}],"about":[{"href":"https:\/\/seacare.com\/pl\/wp-json\/wp\/v2\/types\/page"}],"author":[{"embeddable":true,"href":"https:\/\/seacare.com\/pl\/wp-json\/wp\/v2\/users\/1"}],"replies":[{"embeddable":true,"href":"https:\/\/seacare.com\/pl\/wp-json\/wp\/v2\/comments?post=39132"}],"version-history":[{"count":1,"href":"https:\/\/seacare.com\/pl\/wp-json\/wp\/v2\/pages\/39132\/revisions"}],"predecessor-version":[{"id":39133,"href":"https:\/\/seacare.com\/pl\/wp-json\/wp\/v2\/pages\/39132\/revisions\/39133"}],"wp:attachment":[{"href":"https:\/\/seacare.com\/pl\/wp-json\/wp\/v2\/media?parent=39132"}],"curies":[{"name":"wp","href":"https:\/\/api.w.org\/{rel}","templated":true}]}}