{"id":39134,"date":"2021-05-28T15:27:41","date_gmt":"2021-05-28T12:27:41","guid":{"rendered":"https:\/\/seacare.com\/pl\/?page_id=39134"},"modified":"2021-06-03T13:33:54","modified_gmt":"2021-06-03T10:33:54","slug":"olejek-konopny","status":"publish","type":"page","link":"https:\/\/seacare.com\/pl\/olejek-konopny\/","title":{"rendered":"Olejek konopny"},"content":{"rendered":"<h1 class=\"text-head\" style=\"text-align: center;\"><span data-text-color=\"primary\">Olejek konopny<\/span><\/h1>\n<p>Olejek konopny mo\u017ce by\u0107 stosowany w ka\u017cdym wieku i dowolnym rodzajem sk\u00f3ry. Olejek konopny do twarzy jest uwa\u017cany za jedn\u0105 z najg\u0142\u0119bszych nawil\u017caj\u0105cych kom\u00f3rek, przywraca elastyczno\u015b\u0107, od\u017cywia, zmi\u0119kcza, wyg\u0142adza zmarszczki i ma efekt antybakteryjny. Pomaga utrzymywa\u0107 cz\u0105steczki wody w sk\u00f3rze.<\/p>\n","protected":false},"excerpt":{"rendered":"<p>Olejek konopny Olejek konopny mo\u017ce by\u0107 stosowany w ka\u017cdym wieku i dowolnym rodzajem sk\u00f3ry. Olejek konopny do twarzy jest uwa\u017cany za jedn\u0105 z najg\u0142\u0119bszych nawil\u017caj\u0105cych kom\u00f3rek, przywraca elastyczno\u015b\u0107, od\u017cywia, zmi\u0119kcza, wyg\u0142adza zmarszczki i ma efekt antybakteryjny. Pomaga utrzymywa\u0107 cz\u0105steczki wody w sk\u00f3rze.<\/p>\n","protected":false},"author":1,"featured_media":0,"parent":0,"menu_order":0,"comment_status":"closed","ping_status":"closed","template":"","meta":{"footnotes":""},"_links":{"self":[{"href":"https:\/\/seacare.com\/pl\/wp-json\/wp\/v2\/pages\/39134"}],"collection":[{"href":"https:\/\/seacare.com\/pl\/wp-json\/wp\/v2\/pages"}],"about":[{"href":"https:\/\/seacare.com\/pl\/wp-json\/wp\/v2\/types\/page"}],"author":[{"embeddable":true,"href":"https:\/\/seacare.com\/pl\/wp-json\/wp\/v2\/users\/1"}],"replies":[{"embeddable":true,"href":"https:\/\/seacare.com\/pl\/wp-json\/wp\/v2\/comments?post=39134"}],"version-history":[{"count":1,"href":"https:\/\/seacare.com\/pl\/wp-json\/wp\/v2\/pages\/39134\/revisions"}],"predecessor-version":[{"id":39135,"href":"https:\/\/seacare.com\/pl\/wp-json\/wp\/v2\/pages\/39134\/revisions\/39135"}],"wp:attachment":[{"href":"https:\/\/seacare.com\/pl\/wp-json\/wp\/v2\/media?parent=39134"}],"curies":[{"name":"wp","href":"https:\/\/api.w.org\/{rel}","templated":true}]}}