{"id":39136,"date":"2021-05-28T15:46:31","date_gmt":"2021-05-28T12:46:31","guid":{"rendered":"https:\/\/seacare.com\/pl\/?page_id=39136"},"modified":"2021-06-03T13:34:08","modified_gmt":"2021-06-03T10:34:08","slug":"oliwa-z-oliwek","status":"publish","type":"page","link":"https:\/\/seacare.com\/pl\/oliwa-z-oliwek\/","title":{"rendered":"Oliwa z oliwek"},"content":{"rendered":"<h1 class=\"text-head\" style=\"text-align: center;\"><span data-text-color=\"primary\">Oliwa z oliwek<\/span><\/h1>\n<p>Oliwa z oliwek zawiera cztery g\u0142\u00f3wne przeciwutleniacze, kt\u00f3re pozwalaj\u0105 stosowa\u0107 j\u0105 jako \u015brodek oczyszczaj\u0105cy, krem nawil\u017caj\u0105cy i do piel\u0119gnacji sk\u00f3ry. W\u015br\u00f3d tych przeciwutleniaczy witaminy A i E. Witamina E jest jedn\u0105 z przyczyn dzia\u0142a\u0144 przeciwstarzeniowych oliwy, poniewa\u017c pomaga przywr\u00f3ci\u0107 elastyczno\u015b\u0107 sk\u00f3ry.<\/p>\n","protected":false},"excerpt":{"rendered":"<p>Oliwa z oliwek Oliwa z oliwek zawiera cztery g\u0142\u00f3wne przeciwutleniacze, kt\u00f3re pozwalaj\u0105 stosowa\u0107 j\u0105 jako \u015brodek oczyszczaj\u0105cy, krem nawil\u017caj\u0105cy i do piel\u0119gnacji sk\u00f3ry. W\u015br\u00f3d tych przeciwutleniaczy witaminy A i E. Witamina E jest jedn\u0105 z przyczyn dzia\u0142a\u0144 przeciwstarzeniowych oliwy, poniewa\u017c pomaga przywr\u00f3ci\u0107 elastyczno\u015b\u0107 sk\u00f3ry.<\/p>\n","protected":false},"author":1,"featured_media":0,"parent":0,"menu_order":0,"comment_status":"closed","ping_status":"closed","template":"","meta":{"footnotes":""},"_links":{"self":[{"href":"https:\/\/seacare.com\/pl\/wp-json\/wp\/v2\/pages\/39136"}],"collection":[{"href":"https:\/\/seacare.com\/pl\/wp-json\/wp\/v2\/pages"}],"about":[{"href":"https:\/\/seacare.com\/pl\/wp-json\/wp\/v2\/types\/page"}],"author":[{"embeddable":true,"href":"https:\/\/seacare.com\/pl\/wp-json\/wp\/v2\/users\/1"}],"replies":[{"embeddable":true,"href":"https:\/\/seacare.com\/pl\/wp-json\/wp\/v2\/comments?post=39136"}],"version-history":[{"count":1,"href":"https:\/\/seacare.com\/pl\/wp-json\/wp\/v2\/pages\/39136\/revisions"}],"predecessor-version":[{"id":39137,"href":"https:\/\/seacare.com\/pl\/wp-json\/wp\/v2\/pages\/39136\/revisions\/39137"}],"wp:attachment":[{"href":"https:\/\/seacare.com\/pl\/wp-json\/wp\/v2\/media?parent=39136"}],"curies":[{"name":"wp","href":"https:\/\/api.w.org\/{rel}","templated":true}]}}