{"id":39138,"date":"2021-05-28T15:47:57","date_gmt":"2021-05-28T12:47:57","guid":{"rendered":"https:\/\/seacare.com\/pl\/?page_id=39138"},"modified":"2021-06-03T13:34:02","modified_gmt":"2021-06-03T10:34:02","slug":"olejek-skwalanowy","status":"publish","type":"page","link":"https:\/\/seacare.com\/pl\/olejek-skwalanowy\/","title":{"rendered":"Olejek skwalanowy"},"content":{"rendered":"<h1 class=\"text-head\" style=\"text-align: center;\"><span data-text-color=\"primary\">Olejek skwalanowy<\/span><\/h1>\n<p>Olejek skwalanowy jest doskona\u0142ym \u015brodkiem nawil\u017caj\u0105cym i sprawia, \u017ce sk\u00f3ra staje si\u0119 mi\u0119kka i delikatna. Olej skwalanowy pomaga chroni\u0107 sk\u00f3r\u0119 przed wolnymi rodnikami, kt\u00f3re mog\u0105 powodowa\u0107 spoty wiekowe i przedwczesne starzenie si\u0119. Idealny do leczenia i zapobiegania suchej sk\u00f3rze wok\u00f3\u0142 oczu.<\/p>\n","protected":false},"excerpt":{"rendered":"<p>Olejek skwalanowy Olejek skwalanowy jest doskona\u0142ym \u015brodkiem nawil\u017caj\u0105cym i sprawia, \u017ce sk\u00f3ra staje si\u0119 mi\u0119kka i delikatna. Olej skwalanowy pomaga chroni\u0107 sk\u00f3r\u0119 przed wolnymi rodnikami, kt\u00f3re mog\u0105 powodowa\u0107 spoty wiekowe i przedwczesne starzenie si\u0119. Idealny do leczenia i zapobiegania suchej sk\u00f3rze wok\u00f3\u0142 oczu.<\/p>\n","protected":false},"author":1,"featured_media":0,"parent":0,"menu_order":0,"comment_status":"closed","ping_status":"closed","template":"","meta":{"footnotes":""},"_links":{"self":[{"href":"https:\/\/seacare.com\/pl\/wp-json\/wp\/v2\/pages\/39138"}],"collection":[{"href":"https:\/\/seacare.com\/pl\/wp-json\/wp\/v2\/pages"}],"about":[{"href":"https:\/\/seacare.com\/pl\/wp-json\/wp\/v2\/types\/page"}],"author":[{"embeddable":true,"href":"https:\/\/seacare.com\/pl\/wp-json\/wp\/v2\/users\/1"}],"replies":[{"embeddable":true,"href":"https:\/\/seacare.com\/pl\/wp-json\/wp\/v2\/comments?post=39138"}],"version-history":[{"count":1,"href":"https:\/\/seacare.com\/pl\/wp-json\/wp\/v2\/pages\/39138\/revisions"}],"predecessor-version":[{"id":39139,"href":"https:\/\/seacare.com\/pl\/wp-json\/wp\/v2\/pages\/39138\/revisions\/39139"}],"wp:attachment":[{"href":"https:\/\/seacare.com\/pl\/wp-json\/wp\/v2\/media?parent=39138"}],"curies":[{"name":"wp","href":"https:\/\/api.w.org\/{rel}","templated":true}]}}