{"id":39140,"date":"2021-05-28T15:51:15","date_gmt":"2021-05-28T12:51:15","guid":{"rendered":"https:\/\/seacare.com\/pl\/?page_id=39140"},"modified":"2021-06-03T13:34:04","modified_gmt":"2021-06-03T10:34:04","slug":"olejek-z-awokado","status":"publish","type":"page","link":"https:\/\/seacare.com\/pl\/olejek-z-awokado\/","title":{"rendered":"Olejek z awokado"},"content":{"rendered":"<h1 class=\"text-head\" style=\"text-align: center;\"><span data-text-color=\"primary\">Olejek z awokado<\/span><\/h1>\n<p>Olejek z awokado zawiera du\u017c\u0105 ilo\u015b\u0107 bia\u0142ek i nienasyconych t\u0142uszcz\u00f3w, kt\u00f3re s\u0105 sk\u0142adnikami od\u017cywczymi dla sk\u00f3ry. Olejek z awokado zawiera kwasy t\u0142uszczowe omega-3 &#8211; takie same jak zawarte w tranie. Wysoka zawarto\u015b\u0107 substancji zwanej Sterolin\u0105, zmi\u0119kcza sk\u00f3r\u0119 i zmniejsza plamy pigmentowe.<\/p>\n","protected":false},"excerpt":{"rendered":"<p>Olejek z awokado Olejek z awokado zawiera du\u017c\u0105 ilo\u015b\u0107 bia\u0142ek i nienasyconych t\u0142uszcz\u00f3w, kt\u00f3re s\u0105 sk\u0142adnikami od\u017cywczymi dla sk\u00f3ry. Olejek z awokado zawiera kwasy t\u0142uszczowe omega-3 &#8211; takie same jak zawarte w tranie. Wysoka zawarto\u015b\u0107 substancji zwanej Sterolin\u0105, zmi\u0119kcza sk\u00f3r\u0119 i zmniejsza plamy pigmentowe.<\/p>\n","protected":false},"author":1,"featured_media":0,"parent":0,"menu_order":0,"comment_status":"closed","ping_status":"closed","template":"","meta":{"footnotes":""},"_links":{"self":[{"href":"https:\/\/seacare.com\/pl\/wp-json\/wp\/v2\/pages\/39140"}],"collection":[{"href":"https:\/\/seacare.com\/pl\/wp-json\/wp\/v2\/pages"}],"about":[{"href":"https:\/\/seacare.com\/pl\/wp-json\/wp\/v2\/types\/page"}],"author":[{"embeddable":true,"href":"https:\/\/seacare.com\/pl\/wp-json\/wp\/v2\/users\/1"}],"replies":[{"embeddable":true,"href":"https:\/\/seacare.com\/pl\/wp-json\/wp\/v2\/comments?post=39140"}],"version-history":[{"count":1,"href":"https:\/\/seacare.com\/pl\/wp-json\/wp\/v2\/pages\/39140\/revisions"}],"predecessor-version":[{"id":39141,"href":"https:\/\/seacare.com\/pl\/wp-json\/wp\/v2\/pages\/39140\/revisions\/39141"}],"wp:attachment":[{"href":"https:\/\/seacare.com\/pl\/wp-json\/wp\/v2\/media?parent=39140"}],"curies":[{"name":"wp","href":"https:\/\/api.w.org\/{rel}","templated":true}]}}