{"id":39142,"date":"2021-05-28T15:52:41","date_gmt":"2021-05-28T12:52:41","guid":{"rendered":"https:\/\/seacare.com\/pl\/?page_id=39142"},"modified":"2021-06-03T13:33:56","modified_gmt":"2021-06-03T10:33:56","slug":"olejek-migdalowy","status":"publish","type":"page","link":"https:\/\/seacare.com\/pl\/olejek-migdalowy\/","title":{"rendered":"Olejek migda\u0142owy"},"content":{"rendered":"<h1 class=\"text-head\" style=\"text-align: center;\"><span data-text-color=\"primary\">Olejek migda\u0142owy<\/span><\/h1>\n<p>Korzystaj\u0105c z naturalnych produkt\u00f3w kosmetycznych ze s\u0142odkim ekstraktem z oleju migda\u0142owego podczas codziennej piel\u0119gnacji, twoje w\u0142osy stan\u0105 si\u0119 b\u0142yszcz\u0105ce, silne i zdrowe. Przydatne witaminy, t\u0142uszcze i inne przydatne elementy oleju migda\u0142owego zachowywaj\u0105 w\u0142osy i zapewni\u0105 naturalne od\u017cywianie i opiek\u0119 nad wszystkimi rodzajami w\u0142os\u00f3w.<\/p>\n","protected":false},"excerpt":{"rendered":"<p>Olejek migda\u0142owy Korzystaj\u0105c z naturalnych produkt\u00f3w kosmetycznych ze s\u0142odkim ekstraktem z oleju migda\u0142owego podczas codziennej piel\u0119gnacji, twoje w\u0142osy stan\u0105 si\u0119 b\u0142yszcz\u0105ce, silne i zdrowe. Przydatne witaminy, t\u0142uszcze i inne przydatne elementy oleju migda\u0142owego zachowywaj\u0105 w\u0142osy i zapewni\u0105 naturalne od\u017cywianie i opiek\u0119 nad wszystkimi rodzajami w\u0142os\u00f3w.<\/p>\n","protected":false},"author":1,"featured_media":0,"parent":0,"menu_order":0,"comment_status":"closed","ping_status":"closed","template":"","meta":{"footnotes":""},"_links":{"self":[{"href":"https:\/\/seacare.com\/pl\/wp-json\/wp\/v2\/pages\/39142"}],"collection":[{"href":"https:\/\/seacare.com\/pl\/wp-json\/wp\/v2\/pages"}],"about":[{"href":"https:\/\/seacare.com\/pl\/wp-json\/wp\/v2\/types\/page"}],"author":[{"embeddable":true,"href":"https:\/\/seacare.com\/pl\/wp-json\/wp\/v2\/users\/1"}],"replies":[{"embeddable":true,"href":"https:\/\/seacare.com\/pl\/wp-json\/wp\/v2\/comments?post=39142"}],"version-history":[{"count":1,"href":"https:\/\/seacare.com\/pl\/wp-json\/wp\/v2\/pages\/39142\/revisions"}],"predecessor-version":[{"id":39143,"href":"https:\/\/seacare.com\/pl\/wp-json\/wp\/v2\/pages\/39142\/revisions\/39143"}],"wp:attachment":[{"href":"https:\/\/seacare.com\/pl\/wp-json\/wp\/v2\/media?parent=39142"}],"curies":[{"name":"wp","href":"https:\/\/api.w.org\/{rel}","templated":true}]}}