{"id":39144,"date":"2021-05-28T15:55:01","date_gmt":"2021-05-28T12:55:01","guid":{"rendered":"https:\/\/seacare.com\/pl\/?page_id=39144"},"modified":"2021-06-03T13:33:53","modified_gmt":"2021-06-03T10:33:53","slug":"olejek-kakaowy","status":"publish","type":"page","link":"https:\/\/seacare.com\/pl\/olejek-kakaowy\/","title":{"rendered":"Olejek kakaowy"},"content":{"rendered":"<h1 class=\"text-head\" style=\"text-align: center;\"><span data-text-color=\"primary\">Olejek kakaowy<\/span><\/h1>\n<p>Olejek kakaowy jest szeroko stosowany do zmniejszenia rozst\u0119p\u00f3w. Ta tajemnica jest znana wi\u0119kszo\u015bci kobiet w ci\u0105\u017cy na \u015bwiecie. Wiele kobiet twierdzi, \u017ce regularne stosowanie olejku kakaowego pomaga pozby\u0107 si\u0119 rozst\u0119p\u00f3w. Wiadomo r\u00f3wnie\u017c, \u017ce przy pomocy olejku kakaowego mo\u017cna pozby\u0107 si\u0119 blizn.<\/p>\n","protected":false},"excerpt":{"rendered":"<p>Olejek kakaowy Olejek kakaowy jest szeroko stosowany do zmniejszenia rozst\u0119p\u00f3w. Ta tajemnica jest znana wi\u0119kszo\u015bci kobiet w ci\u0105\u017cy na \u015bwiecie. Wiele kobiet twierdzi, \u017ce regularne stosowanie olejku kakaowego pomaga pozby\u0107 si\u0119 rozst\u0119p\u00f3w. Wiadomo r\u00f3wnie\u017c, \u017ce przy pomocy olejku kakaowego mo\u017cna pozby\u0107 si\u0119 blizn.<\/p>\n","protected":false},"author":1,"featured_media":0,"parent":0,"menu_order":0,"comment_status":"closed","ping_status":"closed","template":"","meta":{"footnotes":""},"_links":{"self":[{"href":"https:\/\/seacare.com\/pl\/wp-json\/wp\/v2\/pages\/39144"}],"collection":[{"href":"https:\/\/seacare.com\/pl\/wp-json\/wp\/v2\/pages"}],"about":[{"href":"https:\/\/seacare.com\/pl\/wp-json\/wp\/v2\/types\/page"}],"author":[{"embeddable":true,"href":"https:\/\/seacare.com\/pl\/wp-json\/wp\/v2\/users\/1"}],"replies":[{"embeddable":true,"href":"https:\/\/seacare.com\/pl\/wp-json\/wp\/v2\/comments?post=39144"}],"version-history":[{"count":1,"href":"https:\/\/seacare.com\/pl\/wp-json\/wp\/v2\/pages\/39144\/revisions"}],"predecessor-version":[{"id":39145,"href":"https:\/\/seacare.com\/pl\/wp-json\/wp\/v2\/pages\/39144\/revisions\/39145"}],"wp:attachment":[{"href":"https:\/\/seacare.com\/pl\/wp-json\/wp\/v2\/media?parent=39144"}],"curies":[{"name":"wp","href":"https:\/\/api.w.org\/{rel}","templated":true}]}}