{"id":39146,"date":"2021-05-28T15:56:54","date_gmt":"2021-05-28T12:56:54","guid":{"rendered":"https:\/\/seacare.com\/pl\/?page_id=39146"},"modified":"2021-06-03T13:34:06","modified_gmt":"2021-06-03T10:34:06","slug":"olejek-z-orzechow-makadamii","status":"publish","type":"page","link":"https:\/\/seacare.com\/pl\/olejek-z-orzechow-makadamii\/","title":{"rendered":"Olejek z orzech\u00f3w Makadamii"},"content":{"rendered":"<h1 class=\"text-head\" style=\"text-align: center;\"><span data-text-color=\"primary\">Olejek z orzech\u00f3w Makadamii<\/span><\/h1>\n<p>Olejek z orzech\u00f3w Makadamii jest bardzo niezwyk\u0142ym olejem ro\u015blinnym, kt\u00f3ry ma niezwyk\u0142y podobie\u0144stwo ze sk\u00f3r\u0105. Ze wzgl\u0119du na zawarto\u015b\u0107 du\u017cej liczby r\u00f3\u017cnych kwas\u00f3w t\u0142uszczowych, olejek Makadamii jest bardzo przydatny do suchej, dojrza\u0142ej sk\u00f3ry. Kwasy oleinowe i linolowe daj\u0105 Olejkowi Makadamii fantastyczne w\u0142a\u015bciwo\u015bci regeneracyjne i nawil\u017caj\u0105ce.<\/p>\n","protected":false},"excerpt":{"rendered":"<p>Olejek z orzech\u00f3w Makadamii Olejek z orzech\u00f3w Makadamii jest bardzo niezwyk\u0142ym olejem ro\u015blinnym, kt\u00f3ry ma niezwyk\u0142y podobie\u0144stwo ze sk\u00f3r\u0105. Ze wzgl\u0119du na zawarto\u015b\u0107 du\u017cej liczby r\u00f3\u017cnych kwas\u00f3w t\u0142uszczowych, olejek Makadamii jest bardzo przydatny do suchej, dojrza\u0142ej sk\u00f3ry. Kwasy oleinowe i linolowe daj\u0105 Olejkowi Makadamii fantastyczne w\u0142a\u015bciwo\u015bci regeneracyjne i nawil\u017caj\u0105ce.<\/p>\n","protected":false},"author":1,"featured_media":0,"parent":0,"menu_order":0,"comment_status":"closed","ping_status":"closed","template":"","meta":{"footnotes":""},"_links":{"self":[{"href":"https:\/\/seacare.com\/pl\/wp-json\/wp\/v2\/pages\/39146"}],"collection":[{"href":"https:\/\/seacare.com\/pl\/wp-json\/wp\/v2\/pages"}],"about":[{"href":"https:\/\/seacare.com\/pl\/wp-json\/wp\/v2\/types\/page"}],"author":[{"embeddable":true,"href":"https:\/\/seacare.com\/pl\/wp-json\/wp\/v2\/users\/1"}],"replies":[{"embeddable":true,"href":"https:\/\/seacare.com\/pl\/wp-json\/wp\/v2\/comments?post=39146"}],"version-history":[{"count":1,"href":"https:\/\/seacare.com\/pl\/wp-json\/wp\/v2\/pages\/39146\/revisions"}],"predecessor-version":[{"id":39147,"href":"https:\/\/seacare.com\/pl\/wp-json\/wp\/v2\/pages\/39146\/revisions\/39147"}],"wp:attachment":[{"href":"https:\/\/seacare.com\/pl\/wp-json\/wp\/v2\/media?parent=39146"}],"curies":[{"name":"wp","href":"https:\/\/api.w.org\/{rel}","templated":true}]}}