{"id":39148,"date":"2021-05-28T15:58:01","date_gmt":"2021-05-28T12:58:01","guid":{"rendered":"https:\/\/seacare.com\/pl\/?page_id=39148"},"modified":"2021-06-03T13:32:47","modified_gmt":"2021-06-03T10:32:47","slug":"ekstrakt-z-arniki-gorskiej","status":"publish","type":"page","link":"https:\/\/seacare.com\/pl\/ekstrakt-z-arniki-gorskiej\/","title":{"rendered":"Ekstrakt z arniki g\u00f3rskiej"},"content":{"rendered":"<h1 class=\"text-head\" style=\"text-align: center;\"><span data-text-color=\"primary\">Ekstrakt z arniki g\u00f3rskiej<\/span><\/h1>\n<p>Sev Spyviterpen Lakton (gelenalin) jest g\u0142\u00f3wnym \u015brodkiem redukuj\u0105cym zawartym w Arnice G\u00f3rskiej kt\u00f3ry wraz z flawonoidami pomaga uspokoi\u0107 i zaktualizowa\u0107 sk\u00f3r\u0119 po dzia\u0142aniu stresu. W\u0142a\u015bciwo\u015bci antyseptyczne, antybakteryjne i przeciwzapalne Ekstraktu z Arniki G\u00f3rskiej mog\u0105 by\u0107 przydatne podczas walki z zapaleniem.<\/p>\n","protected":false},"excerpt":{"rendered":"<p>Ekstrakt z arniki g\u00f3rskiej Sev Spyviterpen Lakton (gelenalin) jest g\u0142\u00f3wnym \u015brodkiem redukuj\u0105cym zawartym w Arnice G\u00f3rskiej kt\u00f3ry wraz z flawonoidami pomaga uspokoi\u0107 i zaktualizowa\u0107 sk\u00f3r\u0119 po dzia\u0142aniu stresu. W\u0142a\u015bciwo\u015bci antyseptyczne, antybakteryjne i przeciwzapalne Ekstraktu z Arniki G\u00f3rskiej mog\u0105 by\u0107 przydatne podczas walki z zapaleniem.<\/p>\n","protected":false},"author":1,"featured_media":0,"parent":0,"menu_order":0,"comment_status":"closed","ping_status":"closed","template":"","meta":{"footnotes":""},"_links":{"self":[{"href":"https:\/\/seacare.com\/pl\/wp-json\/wp\/v2\/pages\/39148"}],"collection":[{"href":"https:\/\/seacare.com\/pl\/wp-json\/wp\/v2\/pages"}],"about":[{"href":"https:\/\/seacare.com\/pl\/wp-json\/wp\/v2\/types\/page"}],"author":[{"embeddable":true,"href":"https:\/\/seacare.com\/pl\/wp-json\/wp\/v2\/users\/1"}],"replies":[{"embeddable":true,"href":"https:\/\/seacare.com\/pl\/wp-json\/wp\/v2\/comments?post=39148"}],"version-history":[{"count":3,"href":"https:\/\/seacare.com\/pl\/wp-json\/wp\/v2\/pages\/39148\/revisions"}],"predecessor-version":[{"id":39643,"href":"https:\/\/seacare.com\/pl\/wp-json\/wp\/v2\/pages\/39148\/revisions\/39643"}],"wp:attachment":[{"href":"https:\/\/seacare.com\/pl\/wp-json\/wp\/v2\/media?parent=39148"}],"curies":[{"name":"wp","href":"https:\/\/api.w.org\/{rel}","templated":true}]}}