{"id":39151,"date":"2021-05-28T16:01:03","date_gmt":"2021-05-28T13:01:03","guid":{"rendered":"https:\/\/seacare.com\/pl\/?page_id=39151"},"modified":"2021-06-03T13:32:58","modified_gmt":"2021-06-03T10:32:58","slug":"glinka-kaolinowa","status":"publish","type":"page","link":"https:\/\/seacare.com\/pl\/glinka-kaolinowa\/","title":{"rendered":"Glinka kaolinowa"},"content":{"rendered":"<h1 class=\"text-head\" style=\"text-align: center;\"><span data-text-color=\"primary\">Glinka kaolinowa<\/span><\/h1>\n<p>Glinka kaolinowa w kosmetykach jest \u0142agodn\u0105 glink\u0105. Glinka kaolinowa nie powoduje suszenia sk\u00f3ry i nie wch\u0142ania wilgo\u0107 lub naturalnego smaru sk\u00f3ry w por\u00f3wnaniu z glink\u0105 bentonitow\u0105 lub glin\u0105 iroll. Mo\u017cesz u\u017cywa\u0107 maseczk\u0119 z glinki koalinowej cotygodniowo, a twoja sk\u00f3ra nie b\u0119dzie zbyt sucha i podra\u017cniona.<\/p>\n","protected":false},"excerpt":{"rendered":"<p>Glinka kaolinowa Glinka kaolinowa w kosmetykach jest \u0142agodn\u0105 glink\u0105. Glinka kaolinowa nie powoduje suszenia sk\u00f3ry i nie wch\u0142ania wilgo\u0107 lub naturalnego smaru sk\u00f3ry w por\u00f3wnaniu z glink\u0105 bentonitow\u0105 lub glin\u0105 iroll. Mo\u017cesz u\u017cywa\u0107 maseczk\u0119 z glinki koalinowej cotygodniowo, a twoja sk\u00f3ra nie b\u0119dzie zbyt sucha i podra\u017cniona.<\/p>\n","protected":false},"author":1,"featured_media":0,"parent":0,"menu_order":0,"comment_status":"closed","ping_status":"closed","template":"","meta":{"footnotes":""},"_links":{"self":[{"href":"https:\/\/seacare.com\/pl\/wp-json\/wp\/v2\/pages\/39151"}],"collection":[{"href":"https:\/\/seacare.com\/pl\/wp-json\/wp\/v2\/pages"}],"about":[{"href":"https:\/\/seacare.com\/pl\/wp-json\/wp\/v2\/types\/page"}],"author":[{"embeddable":true,"href":"https:\/\/seacare.com\/pl\/wp-json\/wp\/v2\/users\/1"}],"replies":[{"embeddable":true,"href":"https:\/\/seacare.com\/pl\/wp-json\/wp\/v2\/comments?post=39151"}],"version-history":[{"count":3,"href":"https:\/\/seacare.com\/pl\/wp-json\/wp\/v2\/pages\/39151\/revisions"}],"predecessor-version":[{"id":39154,"href":"https:\/\/seacare.com\/pl\/wp-json\/wp\/v2\/pages\/39151\/revisions\/39154"}],"wp:attachment":[{"href":"https:\/\/seacare.com\/pl\/wp-json\/wp\/v2\/media?parent=39151"}],"curies":[{"name":"wp","href":"https:\/\/api.w.org\/{rel}","templated":true}]}}