{"id":39155,"date":"2021-05-28T16:05:52","date_gmt":"2021-05-28T13:05:52","guid":{"rendered":"https:\/\/seacare.com\/pl\/?page_id=39155"},"modified":"2021-06-03T13:32:44","modified_gmt":"2021-06-03T10:32:44","slug":"ekstrakt-alarii-esculenty","status":"publish","type":"page","link":"https:\/\/seacare.com\/pl\/ekstrakt-alarii-esculenty\/","title":{"rendered":"Ekstrakt Alarii Esculenty"},"content":{"rendered":"<h1 class=\"text-head\" style=\"text-align: center;\"><span data-text-color=\"primary\">Ekstrakt Alarii Esculenty<\/span><\/h1>\n<p>Ekstrakt Alarii Esculenty jest ekologicznie certyfikowanym olejkiem wykonanym z glon\u00f3w, z kt\u00f3rych ekstrakt zapewnia wiele znanych zalet odm\u0142adzaj\u0105cych. Ekstrakt Alarii Esculenty bogaty w aminokwasy, przeciwutleniacze, witaminy i minera\u0142y. Ekstrakt Alarii Esculenty mo\u017ce pom\u00f3c poprawi\u0107 zdrowie i wygl\u0105d sk\u00f3ry.<\/p>\n","protected":false},"excerpt":{"rendered":"<p>Ekstrakt Alarii Esculenty Ekstrakt Alarii Esculenty jest ekologicznie certyfikowanym olejkiem wykonanym z glon\u00f3w, z kt\u00f3rych ekstrakt zapewnia wiele znanych zalet odm\u0142adzaj\u0105cych. Ekstrakt Alarii Esculenty bogaty w aminokwasy, przeciwutleniacze, witaminy i minera\u0142y. Ekstrakt Alarii Esculenty mo\u017ce pom\u00f3c poprawi\u0107 zdrowie i wygl\u0105d sk\u00f3ry.<\/p>\n","protected":false},"author":1,"featured_media":0,"parent":0,"menu_order":0,"comment_status":"closed","ping_status":"closed","template":"","meta":{"footnotes":""},"_links":{"self":[{"href":"https:\/\/seacare.com\/pl\/wp-json\/wp\/v2\/pages\/39155"}],"collection":[{"href":"https:\/\/seacare.com\/pl\/wp-json\/wp\/v2\/pages"}],"about":[{"href":"https:\/\/seacare.com\/pl\/wp-json\/wp\/v2\/types\/page"}],"author":[{"embeddable":true,"href":"https:\/\/seacare.com\/pl\/wp-json\/wp\/v2\/users\/1"}],"replies":[{"embeddable":true,"href":"https:\/\/seacare.com\/pl\/wp-json\/wp\/v2\/comments?post=39155"}],"version-history":[{"count":1,"href":"https:\/\/seacare.com\/pl\/wp-json\/wp\/v2\/pages\/39155\/revisions"}],"predecessor-version":[{"id":39156,"href":"https:\/\/seacare.com\/pl\/wp-json\/wp\/v2\/pages\/39155\/revisions\/39156"}],"wp:attachment":[{"href":"https:\/\/seacare.com\/pl\/wp-json\/wp\/v2\/media?parent=39155"}],"curies":[{"name":"wp","href":"https:\/\/api.w.org\/{rel}","templated":true}]}}