{"id":39157,"date":"2021-05-28T16:08:06","date_gmt":"2021-05-28T13:08:06","guid":{"rendered":"https:\/\/seacare.com\/pl\/?page_id=39157"},"modified":"2021-06-03T13:33:47","modified_gmt":"2021-06-03T10:33:47","slug":"olejek-cytrynowy","status":"publish","type":"page","link":"https:\/\/seacare.com\/pl\/olejek-cytrynowy\/","title":{"rendered":"Olejek cytrynowy"},"content":{"rendered":"<h1 class=\"text-head\" style=\"text-align: center;\"><span data-text-color=\"primary\">Olejek cytrynowy<\/span><\/h1>\n<p>Po zastosowaniu do sk\u00f3ry, olejek cytrynowy mo\u017ce znacznie poprawi\u0107 sw\u00f3j wygl\u0105d i uczyni\u0107 go m\u0142odszym. Ma mo\u017cliwo\u015b\u0107 przywr\u00f3cenia obwok\u0142adno\u015bci sk\u00f3ry dzi\u0119ki \u015bci\u0105gaj\u0105cemu i antyseptycznymu dzia\u0142aniu. Olejek cytrynowy zabija r\u00f3\u017cne patogenne mikroorganizmy, kt\u00f3re \u017cyj\u0105 na sk\u00f3rze, leczy choroby sk\u00f3ry i tr\u0105dzik.<\/p>\n","protected":false},"excerpt":{"rendered":"<p>Olejek cytrynowy Po zastosowaniu do sk\u00f3ry, olejek cytrynowy mo\u017ce znacznie poprawi\u0107 sw\u00f3j wygl\u0105d i uczyni\u0107 go m\u0142odszym. Ma mo\u017cliwo\u015b\u0107 przywr\u00f3cenia obwok\u0142adno\u015bci sk\u00f3ry dzi\u0119ki \u015bci\u0105gaj\u0105cemu i antyseptycznymu dzia\u0142aniu. Olejek cytrynowy zabija r\u00f3\u017cne patogenne mikroorganizmy, kt\u00f3re \u017cyj\u0105 na sk\u00f3rze, leczy choroby sk\u00f3ry i tr\u0105dzik.<\/p>\n","protected":false},"author":1,"featured_media":0,"parent":0,"menu_order":0,"comment_status":"closed","ping_status":"closed","template":"","meta":{"footnotes":""},"_links":{"self":[{"href":"https:\/\/seacare.com\/pl\/wp-json\/wp\/v2\/pages\/39157"}],"collection":[{"href":"https:\/\/seacare.com\/pl\/wp-json\/wp\/v2\/pages"}],"about":[{"href":"https:\/\/seacare.com\/pl\/wp-json\/wp\/v2\/types\/page"}],"author":[{"embeddable":true,"href":"https:\/\/seacare.com\/pl\/wp-json\/wp\/v2\/users\/1"}],"replies":[{"embeddable":true,"href":"https:\/\/seacare.com\/pl\/wp-json\/wp\/v2\/comments?post=39157"}],"version-history":[{"count":1,"href":"https:\/\/seacare.com\/pl\/wp-json\/wp\/v2\/pages\/39157\/revisions"}],"predecessor-version":[{"id":39158,"href":"https:\/\/seacare.com\/pl\/wp-json\/wp\/v2\/pages\/39157\/revisions\/39158"}],"wp:attachment":[{"href":"https:\/\/seacare.com\/pl\/wp-json\/wp\/v2\/media?parent=39157"}],"curies":[{"name":"wp","href":"https:\/\/api.w.org\/{rel}","templated":true}]}}