{"id":39159,"date":"2021-05-28T16:14:05","date_gmt":"2021-05-28T13:14:05","guid":{"rendered":"https:\/\/seacare.com\/pl\/?page_id=39159"},"modified":"2021-06-03T13:33:58","modified_gmt":"2021-06-03T10:33:58","slug":"olejek-pomaranczowy","status":"publish","type":"page","link":"https:\/\/seacare.com\/pl\/olejek-pomaranczowy\/","title":{"rendered":"Olejek pomara\u0144czowy"},"content":{"rendered":"<h1 class=\"text-head\" style=\"text-align: center;\"><span data-text-color=\"primary\">Olejek pomara\u0144czowy<\/span><\/h1>\n<p>S\u0142odka pomara\u0144cza lub cytrusowe Sinnexis, jest owocem, kt\u00f3ry wytwarza ten przydatny olej, powszechnie stosowany w r\u00f3\u017cnych produktach przeznaczonych do piel\u0119gnacji sk\u00f3ry ze wzgl\u0119du na aromat i przeciwutleniacze oraz w\u0142a\u015bciwo\u015bci antyseptyczne. Korzy\u015bci z oleju pomara\u0144czowego polegaj\u0105 na ochronie sk\u00f3ry przed wolnymi rodnikami i pozbyciu si\u0119 tr\u0105dziku.<\/p>\n","protected":false},"excerpt":{"rendered":"<p>Olejek pomara\u0144czowy S\u0142odka pomara\u0144cza lub cytrusowe Sinnexis, jest owocem, kt\u00f3ry wytwarza ten przydatny olej, powszechnie stosowany w r\u00f3\u017cnych produktach przeznaczonych do piel\u0119gnacji sk\u00f3ry ze wzgl\u0119du na aromat i przeciwutleniacze oraz w\u0142a\u015bciwo\u015bci antyseptyczne. Korzy\u015bci z oleju pomara\u0144czowego polegaj\u0105 na ochronie sk\u00f3ry przed wolnymi rodnikami i pozbyciu si\u0119 tr\u0105dziku.<\/p>\n","protected":false},"author":1,"featured_media":0,"parent":0,"menu_order":0,"comment_status":"closed","ping_status":"closed","template":"","meta":{"footnotes":""},"_links":{"self":[{"href":"https:\/\/seacare.com\/pl\/wp-json\/wp\/v2\/pages\/39159"}],"collection":[{"href":"https:\/\/seacare.com\/pl\/wp-json\/wp\/v2\/pages"}],"about":[{"href":"https:\/\/seacare.com\/pl\/wp-json\/wp\/v2\/types\/page"}],"author":[{"embeddable":true,"href":"https:\/\/seacare.com\/pl\/wp-json\/wp\/v2\/users\/1"}],"replies":[{"embeddable":true,"href":"https:\/\/seacare.com\/pl\/wp-json\/wp\/v2\/comments?post=39159"}],"version-history":[{"count":1,"href":"https:\/\/seacare.com\/pl\/wp-json\/wp\/v2\/pages\/39159\/revisions"}],"predecessor-version":[{"id":39160,"href":"https:\/\/seacare.com\/pl\/wp-json\/wp\/v2\/pages\/39159\/revisions\/39160"}],"wp:attachment":[{"href":"https:\/\/seacare.com\/pl\/wp-json\/wp\/v2\/media?parent=39159"}],"curies":[{"name":"wp","href":"https:\/\/api.w.org\/{rel}","templated":true}]}}