{"id":39161,"date":"2021-05-28T16:16:07","date_gmt":"2021-05-28T13:16:07","guid":{"rendered":"https:\/\/seacare.com\/pl\/?page_id=39161"},"modified":"2021-06-03T13:33:59","modified_gmt":"2021-06-03T10:33:59","slug":"olejek-rozany","status":"publish","type":"page","link":"https:\/\/seacare.com\/pl\/olejek-rozany\/","title":{"rendered":"Olejek r\u00f3\u017cany"},"content":{"rendered":"<h1 class=\"text-head\" style=\"text-align: center;\"><span data-text-color=\"primary\">Olejek r\u00f3\u017cany<\/span><\/h1>\n<p>Olejek r\u00f3\u017cany jest super produktem oferuj\u0105cym wiele zalet dla wszystkich rodzaj\u00f3w sk\u00f3ry, od rozja\u015bnienia sk\u00f3ry, a\u017c do poprawienia poziomu wilgotno\u015bci i elastyczno\u015bci. Sk\u0142ada si\u0119 z prawie 89% zasadniczych kwas\u00f3w t\u0142uszczowych, w tym omega-3, omega-6 i omega-9, kt\u00f3re stymuluj\u0105 regeneracj\u0119 i now\u0105 produkcj\u0119 kolagenu i elastyny.<\/p>\n","protected":false},"excerpt":{"rendered":"<p>Olejek r\u00f3\u017cany Olejek r\u00f3\u017cany jest super produktem oferuj\u0105cym wiele zalet dla wszystkich rodzaj\u00f3w sk\u00f3ry, od rozja\u015bnienia sk\u00f3ry, a\u017c do poprawienia poziomu wilgotno\u015bci i elastyczno\u015bci. Sk\u0142ada si\u0119 z prawie 89% zasadniczych kwas\u00f3w t\u0142uszczowych, w tym omega-3, omega-6 i omega-9, kt\u00f3re stymuluj\u0105 regeneracj\u0119 i now\u0105 produkcj\u0119 kolagenu i elastyny.<\/p>\n","protected":false},"author":1,"featured_media":0,"parent":0,"menu_order":0,"comment_status":"closed","ping_status":"closed","template":"","meta":{"footnotes":""},"_links":{"self":[{"href":"https:\/\/seacare.com\/pl\/wp-json\/wp\/v2\/pages\/39161"}],"collection":[{"href":"https:\/\/seacare.com\/pl\/wp-json\/wp\/v2\/pages"}],"about":[{"href":"https:\/\/seacare.com\/pl\/wp-json\/wp\/v2\/types\/page"}],"author":[{"embeddable":true,"href":"https:\/\/seacare.com\/pl\/wp-json\/wp\/v2\/users\/1"}],"replies":[{"embeddable":true,"href":"https:\/\/seacare.com\/pl\/wp-json\/wp\/v2\/comments?post=39161"}],"version-history":[{"count":1,"href":"https:\/\/seacare.com\/pl\/wp-json\/wp\/v2\/pages\/39161\/revisions"}],"predecessor-version":[{"id":39162,"href":"https:\/\/seacare.com\/pl\/wp-json\/wp\/v2\/pages\/39161\/revisions\/39162"}],"wp:attachment":[{"href":"https:\/\/seacare.com\/pl\/wp-json\/wp\/v2\/media?parent=39161"}],"curies":[{"name":"wp","href":"https:\/\/api.w.org\/{rel}","templated":true}]}}