{"id":39163,"date":"2021-05-28T16:17:09","date_gmt":"2021-05-28T13:17:09","guid":{"rendered":"https:\/\/seacare.com\/pl\/?page_id=39163"},"modified":"2021-06-03T13:34:13","modified_gmt":"2021-06-03T10:34:13","slug":"proszek-ryzowy","status":"publish","type":"page","link":"https:\/\/seacare.com\/pl\/proszek-ryzowy\/","title":{"rendered":"Proszek ry\u017cowy"},"content":{"rendered":"<h1 class=\"text-head\" style=\"text-align: center;\"><span data-text-color=\"primary\">Proszek ry\u017cowy<\/span><\/h1>\n<p>Proszek ry\u017cowy zawiera wiele witamin i minera\u0142\u00f3w, kt\u00f3re pomagaj\u0105 osi\u0105gn\u0105\u0107 czyst\u0105 i pi\u0119kn\u0105 sk\u00f3r\u0119. Proszek ry\u017cowy jest ziarnisty w naturze, dlatego jest w stanie z\u0142uszcza\u0107 sk\u00f3r\u0119, dzi\u0119ki czemu jest tak mi\u0119kka i elastyczna do dotyku. Mo\u017ce by\u0107 u\u017cywany do o\u015bwietlenia sk\u00f3ry, zw\u0142aszcza je\u015bli cierpisz na przebarwienia lub hiperpigmentacj\u0119.<\/p>\n","protected":false},"excerpt":{"rendered":"<p>Proszek ry\u017cowy Proszek ry\u017cowy zawiera wiele witamin i minera\u0142\u00f3w, kt\u00f3re pomagaj\u0105 osi\u0105gn\u0105\u0107 czyst\u0105 i pi\u0119kn\u0105 sk\u00f3r\u0119. Proszek ry\u017cowy jest ziarnisty w naturze, dlatego jest w stanie z\u0142uszcza\u0107 sk\u00f3r\u0119, dzi\u0119ki czemu jest tak mi\u0119kka i elastyczna do dotyku. Mo\u017ce by\u0107 u\u017cywany do o\u015bwietlenia sk\u00f3ry, zw\u0142aszcza je\u015bli cierpisz na przebarwienia lub hiperpigmentacj\u0119.<\/p>\n","protected":false},"author":1,"featured_media":0,"parent":0,"menu_order":0,"comment_status":"closed","ping_status":"closed","template":"","meta":{"footnotes":""},"_links":{"self":[{"href":"https:\/\/seacare.com\/pl\/wp-json\/wp\/v2\/pages\/39163"}],"collection":[{"href":"https:\/\/seacare.com\/pl\/wp-json\/wp\/v2\/pages"}],"about":[{"href":"https:\/\/seacare.com\/pl\/wp-json\/wp\/v2\/types\/page"}],"author":[{"embeddable":true,"href":"https:\/\/seacare.com\/pl\/wp-json\/wp\/v2\/users\/1"}],"replies":[{"embeddable":true,"href":"https:\/\/seacare.com\/pl\/wp-json\/wp\/v2\/comments?post=39163"}],"version-history":[{"count":1,"href":"https:\/\/seacare.com\/pl\/wp-json\/wp\/v2\/pages\/39163\/revisions"}],"predecessor-version":[{"id":39164,"href":"https:\/\/seacare.com\/pl\/wp-json\/wp\/v2\/pages\/39163\/revisions\/39164"}],"wp:attachment":[{"href":"https:\/\/seacare.com\/pl\/wp-json\/wp\/v2\/media?parent=39163"}],"curies":[{"name":"wp","href":"https:\/\/api.w.org\/{rel}","templated":true}]}}