{"id":39165,"date":"2021-05-28T16:18:33","date_gmt":"2021-05-28T13:18:33","guid":{"rendered":"https:\/\/seacare.com\/pl\/?page_id=39165"},"modified":"2021-06-03T13:32:46","modified_gmt":"2021-06-03T10:32:46","slug":"ekstrakt-shandry-zwyklej","status":"publish","type":"page","link":"https:\/\/seacare.com\/pl\/ekstrakt-shandry-zwyklej\/","title":{"rendered":"Ekstrakt Shandry Zwyk\u0142ej"},"content":{"rendered":"<h1 class=\"text-head\" style=\"text-align: center;\"><span data-text-color=\"primary\">Ekstrakt Shandry Zwyk\u0142ej<\/span><\/h1>\n<p>Shandra Zwyk\u0142a, znana r\u00f3wnie\u017c jako mi\u0119ta ko\u0144ska &#8211; jest ro\u015blin\u0105 lecznicz\u0105 zwi\u0105zan\u0105 z rodzin\u0105 Clarotonic (LiCable). Ekstrakt zwyk\u0142ej shandry pomaga zmniejszy\u0107 lipidy ci\u015bnienia krwi i poziom cukru we krwi, co prowadzi do \u017cyciowej ochrony sk\u00f3ry i odm\u0142adzania.<\/p>\n","protected":false},"excerpt":{"rendered":"<p>Ekstrakt Shandry Zwyk\u0142ej Shandra Zwyk\u0142a, znana r\u00f3wnie\u017c jako mi\u0119ta ko\u0144ska &#8211; jest ro\u015blin\u0105 lecznicz\u0105 zwi\u0105zan\u0105 z rodzin\u0105 Clarotonic (LiCable). Ekstrakt zwyk\u0142ej shandry pomaga zmniejszy\u0107 lipidy ci\u015bnienia krwi i poziom cukru we krwi, co prowadzi do \u017cyciowej ochrony sk\u00f3ry i odm\u0142adzania.<\/p>\n","protected":false},"author":1,"featured_media":0,"parent":0,"menu_order":0,"comment_status":"closed","ping_status":"closed","template":"","meta":{"footnotes":""},"_links":{"self":[{"href":"https:\/\/seacare.com\/pl\/wp-json\/wp\/v2\/pages\/39165"}],"collection":[{"href":"https:\/\/seacare.com\/pl\/wp-json\/wp\/v2\/pages"}],"about":[{"href":"https:\/\/seacare.com\/pl\/wp-json\/wp\/v2\/types\/page"}],"author":[{"embeddable":true,"href":"https:\/\/seacare.com\/pl\/wp-json\/wp\/v2\/users\/1"}],"replies":[{"embeddable":true,"href":"https:\/\/seacare.com\/pl\/wp-json\/wp\/v2\/comments?post=39165"}],"version-history":[{"count":2,"href":"https:\/\/seacare.com\/pl\/wp-json\/wp\/v2\/pages\/39165\/revisions"}],"predecessor-version":[{"id":39167,"href":"https:\/\/seacare.com\/pl\/wp-json\/wp\/v2\/pages\/39165\/revisions\/39167"}],"wp:attachment":[{"href":"https:\/\/seacare.com\/pl\/wp-json\/wp\/v2\/media?parent=39165"}],"curies":[{"name":"wp","href":"https:\/\/api.w.org\/{rel}","templated":true}]}}