{"id":39168,"date":"2021-05-28T16:20:24","date_gmt":"2021-05-28T13:20:24","guid":{"rendered":"https:\/\/seacare.com\/pl\/?page_id=39168"},"modified":"2021-06-03T13:32:50","modified_gmt":"2021-06-03T10:32:50","slug":"ekstrakt-z-lisci-richnika-royal-root","status":"publish","type":"page","link":"https:\/\/seacare.com\/pl\/ekstrakt-z-lisci-richnika-royal-root\/","title":{"rendered":"Ekstrakt z li\u015bci Richnika (Royal Root)"},"content":{"rendered":"<h1 class=\"text-head\" style=\"text-align: center;\"><span data-text-color=\"primary\">Ekstrakt z li\u015bci Richnika (Royal Root)<\/span><\/h1>\n<p>Ekstrakt z li\u015bci Richnika ma odm\u0142adzaj\u0105ce w\u0142a\u015bciwo\u015bci dla sk\u00f3ry. S\u0142u\u017cy do przywr\u00f3cenia m\u0142odo\u015bci, gojenia ran. Ekstrakt z li\u015bci Richnika \u0142agodzi i leczy sk\u00f3r\u0119, usuwa napi\u0119cie i podra\u017cnienie sk\u00f3ry. Od czas\u00f3w \u015bredniowiecza Rzymianie nazywali go &#8220;Boskim lekiem&#8221;.<\/p>\n","protected":false},"excerpt":{"rendered":"<p>Ekstrakt z li\u015bci Richnika (Royal Root) Ekstrakt z li\u015bci Richnika ma odm\u0142adzaj\u0105ce w\u0142a\u015bciwo\u015bci dla sk\u00f3ry. S\u0142u\u017cy do przywr\u00f3cenia m\u0142odo\u015bci, gojenia ran. Ekstrakt z li\u015bci Richnika \u0142agodzi i leczy sk\u00f3r\u0119, usuwa napi\u0119cie i podra\u017cnienie sk\u00f3ry. Od czas\u00f3w \u015bredniowiecza Rzymianie nazywali go &#8220;Boskim lekiem&#8221;.<\/p>\n","protected":false},"author":1,"featured_media":0,"parent":0,"menu_order":0,"comment_status":"closed","ping_status":"closed","template":"","meta":{"footnotes":""},"_links":{"self":[{"href":"https:\/\/seacare.com\/pl\/wp-json\/wp\/v2\/pages\/39168"}],"collection":[{"href":"https:\/\/seacare.com\/pl\/wp-json\/wp\/v2\/pages"}],"about":[{"href":"https:\/\/seacare.com\/pl\/wp-json\/wp\/v2\/types\/page"}],"author":[{"embeddable":true,"href":"https:\/\/seacare.com\/pl\/wp-json\/wp\/v2\/users\/1"}],"replies":[{"embeddable":true,"href":"https:\/\/seacare.com\/pl\/wp-json\/wp\/v2\/comments?post=39168"}],"version-history":[{"count":1,"href":"https:\/\/seacare.com\/pl\/wp-json\/wp\/v2\/pages\/39168\/revisions"}],"predecessor-version":[{"id":39169,"href":"https:\/\/seacare.com\/pl\/wp-json\/wp\/v2\/pages\/39168\/revisions\/39169"}],"wp:attachment":[{"href":"https:\/\/seacare.com\/pl\/wp-json\/wp\/v2\/media?parent=39168"}],"curies":[{"name":"wp","href":"https:\/\/api.w.org\/{rel}","templated":true}]}}