{"id":39170,"date":"2021-05-28T16:23:03","date_gmt":"2021-05-28T13:23:03","guid":{"rendered":"https:\/\/seacare.com\/pl\/?page_id=39170"},"modified":"2021-06-03T13:32:49","modified_gmt":"2021-06-03T10:32:49","slug":"ekstrakt-z-kasztanowca","status":"publish","type":"page","link":"https:\/\/seacare.com\/pl\/ekstrakt-z-kasztanowca\/","title":{"rendered":"Ekstrakt z Kasztanowca"},"content":{"rendered":"<h1 class=\"text-head\" style=\"text-align: center;\"><span data-text-color=\"primary\">Ekstrakt z Kasztanowca<\/span><\/h1>\n<p>Ekstrakt z nasion kasztanowca jest popularnym sk\u0142adnikiem do piel\u0119gnacji sk\u00f3ry, powszechnie stosowany do poprawy zdrowia \u017cy\u0142 i zmniejszenia zapalenia. G\u0142\u00f3wnym sk\u0142adnikiem aktywnym r\u00f3wnomiernym ekstraktu kasztanowca jest esseine, kt\u00f3ry by\u0142 badany dla licznych zalet.<\/p>\n","protected":false},"excerpt":{"rendered":"<p>Ekstrakt z Kasztanowca Ekstrakt z nasion kasztanowca jest popularnym sk\u0142adnikiem do piel\u0119gnacji sk\u00f3ry, powszechnie stosowany do poprawy zdrowia \u017cy\u0142 i zmniejszenia zapalenia. G\u0142\u00f3wnym sk\u0142adnikiem aktywnym r\u00f3wnomiernym ekstraktu kasztanowca jest esseine, kt\u00f3ry by\u0142 badany dla licznych zalet.<\/p>\n","protected":false},"author":1,"featured_media":0,"parent":0,"menu_order":0,"comment_status":"closed","ping_status":"closed","template":"","meta":{"footnotes":""},"_links":{"self":[{"href":"https:\/\/seacare.com\/pl\/wp-json\/wp\/v2\/pages\/39170"}],"collection":[{"href":"https:\/\/seacare.com\/pl\/wp-json\/wp\/v2\/pages"}],"about":[{"href":"https:\/\/seacare.com\/pl\/wp-json\/wp\/v2\/types\/page"}],"author":[{"embeddable":true,"href":"https:\/\/seacare.com\/pl\/wp-json\/wp\/v2\/users\/1"}],"replies":[{"embeddable":true,"href":"https:\/\/seacare.com\/pl\/wp-json\/wp\/v2\/comments?post=39170"}],"version-history":[{"count":1,"href":"https:\/\/seacare.com\/pl\/wp-json\/wp\/v2\/pages\/39170\/revisions"}],"predecessor-version":[{"id":39171,"href":"https:\/\/seacare.com\/pl\/wp-json\/wp\/v2\/pages\/39170\/revisions\/39171"}],"wp:attachment":[{"href":"https:\/\/seacare.com\/pl\/wp-json\/wp\/v2\/media?parent=39170"}],"curies":[{"name":"wp","href":"https:\/\/api.w.org\/{rel}","templated":true}]}}